{"id":880,"date":"2018-03-01T21:23:19","date_gmt":"2018-03-01T21:23:19","guid":{"rendered":"https:\/\/www.nerja-turismo.com\/frigiliana\/"},"modified":"2018-03-21T18:19:32","modified_gmt":"2018-03-21T18:19:32","slug":"frigiliana","status":"publish","type":"page","link":"https:\/\/www.nerja-turismo.com\/en\/frigiliana\/","title":{"rendered":"Tourism in Frigiliana"},"content":{"rendered":"<div class=\"wpb-content-wrapper\"><p>[vc_row css_animation=&#8221;&#8221; row_type=&#8221;row&#8221; use_row_as_full_screen_section=&#8221;no&#8221; type=&#8221;full_width&#8221; angled_section=&#8221;no&#8221; text_align=&#8221;left&#8221; background_image_as_pattern=&#8221;without_pattern&#8221;][vc_column][vc_column_text]Frigiliana is one of our neighboring towns. Located in the Sierra Almijara mountain range, north of Nerja. The marvelous whitewashed houses here transmit peace and take you back to the Middle Age. Built around beautiful narrow streets, most of these are somewhat steep.[\/vc_column_text][vc_empty_space height=&#8221;50px&#8221;][vc_column_text]<\/p>\n<h2>What to see in Frigiliana<\/h2>\n<p>[\/vc_column_text][vc_empty_space][vc_column_text]<\/p>\n<h3>Town center<\/h3>\n<p>[\/vc_column_text][vc_empty_space][vc_column_text]he town center of Frigiliana is without a doubt one of the most well-preserved of town centers in the whole of M\u00e1laga. A perfect place to unwind thanks to a general lack of noise and cars plus the relaxed way of life that is so characteristic of the area. Here you can get away from all the stress of life in the city.<\/p>\n<p>The town center of Frigiliana has been named \u201cConjunto Hist\u00f3rico Andaluz\u201d, meaning that it is a historical site. The town center is the biggest attraction here and receives compliments by visitors on a daily basis.<\/p>\n<p>Houses with immaculate fa\u00e7ades adapted to the height and the terrain. The extreme simplicity of the fa\u00e7ades plus the intertwined streets form a unique town center that is well worth visiting.<\/p>\n<p>The town mixes streets with baileys from old walls [a testimony of andalus\u00ed (Moorish) urbanism], the baileys that are still intact can be found at \u201cEl Tunel\u201d (The tunnel), Zacat\u00edn street, Se\u00f1or street, Huerta street, Amargura street, Pe\u00f1on street, Batanero street, Torre\u00f3n street, Cura Soto street, Corral\u00f3n street, and Inquisidor street.[\/vc_column_text][vc_row_inner row_type=&#8221;row&#8221; type=&#8221;full_width&#8221; text_align=&#8221;left&#8221; css_animation=&#8221;&#8221;][vc_column_inner width=&#8221;1\/2&#8243;][vc_empty_space][vc_single_image image=&#8221;257&#8243; img_size=&#8221;medio&#8221; add_caption=&#8221;yes&#8221; alignment=&#8221;center&#8221; onclick=&#8221;link_image&#8221; qode_css_animation=&#8221;&#8221;][\/vc_column_inner][vc_column_inner width=&#8221;1\/2&#8243;][vc_empty_space][vc_single_image image=&#8221;256&#8243; img_size=&#8221;medio&#8221; add_caption=&#8221;yes&#8221; alignment=&#8221;center&#8221; onclick=&#8221;link_image&#8221; qode_css_animation=&#8221;&#8221;][\/vc_column_inner][\/vc_row_inner][vc_empty_space height=&#8221;50px&#8221;][vc_column_text]<\/p>\n<h3>Archeological museum<\/h3>\n<p>[\/vc_column_text][vc_empty_space][vc_column_text]The museum\u2019s size is around 400 square meters. Here you can take a walk through the history of Frigiliana. From the Neolithic till today. There is also a temporary exposition on offer and also a modern art exposition. These offer very diverse themes and styles. There are currently 125 items on show, all of which were found in Frigiliana. These items are shown chronologically to help the visitors understand how, when and why. Perhaps the most spectacular item on show is the skull of a young boy, dating back to the Neolithic or maybe the Moorish dagger from the XVI century.<br \/>\n[\/vc_column_text][vc_empty_space height=&#8221;50px&#8221;][vc_column_text]<\/p>\n<h2>Important monuments in Frigiliana<\/h2>\n<p>[\/vc_column_text][vc_empty_space][vc_column_text]<\/p>\n<h3><strong>\u201cEl Ingenio\u201d (sugar cane factory) from the XVI century<\/strong><\/h3>\n<p>Currently the only factory in Europe that produces sugar cane honey and also one of the most important places in Frigiliana thanks to its artistic and historic value. Known as \u201cel Ingenio\u201d, this factory still uses the same machines that they used back in 1909 to make Frigiliana\u2019s star product, sugar cane honey.<br \/>\n[\/vc_column_text][vc_empty_space][vc_column_text]<\/p>\n<h3><strong>\u201cFuente Vieja\u201d (old fountain)<\/strong><\/h3>\n<p>Walking through town you will come across what was called the \u201cFuente Nueva\u201d (new fountain) which is now called \u201cFuente Vieja\u201d (old fountain). It can be found at Chorruelo street and it was used during the XVII century to keep everyone in Frigiliana hydrated, including the animals.<br \/>\n[\/vc_column_text][vc_empty_space][vc_column_text]<\/p>\n<h3><strong>\u201cLa Ermita del ECCE HOMO\u201d (ECCE HOMO chapel).<\/strong><\/h3>\n<p>Known as Christs\u2019s chapel, a small building that was constructed during the XVII century. Here you can find a small altar with an image of Ecce Homo. From the outside, you can see a small covered porch with a small arch and a cross.[\/vc_column_text][vc_empty_space][vc_column_text]<\/p>\n<h3><strong>\u201cReales P\u00f3sitos\u201d (royal cooperative) from the VXIII century<\/strong><\/h3>\n<p>Built in 1767 for keeping, selling and delivering grain. The excess was saved during good years to keep up production during the bad years. The three industrial units are well differentiated and you can spot the semicircular arches that this building was known for. Nowadays it is a private space, currently used for houses.[\/vc_column_text][vc_empty_space][vc_column_text]<\/p>\n<h3><strong>EL TORRE\u00d3N\u00a0<\/strong><\/h3>\n<p>This building housed the grain cooperative back in the middle of the XVIII century. Here you can find a vase with the \u201cthree religions\u201d represented on it, Christianism, Islam, Judaism. This vase is the logo of the ever so popular \u201cThree Cultures Festival\u201d. [\/vc_column_text][vc_empty_space][vc_column_text]<\/p>\n<h3><strong>Remains of the Arab castle (L\u00edzar castle)<\/strong><\/h3>\n<p>Located on the Sabina hill, right atop of Frigiliana. Destroyed in 1569 so it would never again become a refuge for the Moors. The outside wall can still be seen in certain parts, leading us to imagine how it could have been back in the day.[\/vc_column_text][vc_empty_space][vc_column_text]<\/p>\n<h3><strong>Casa del Apero (tool house)<\/strong><\/h3>\n<p>Rebuilt in the 90\u2019s and currently used as a cultural center, library, archeological museum, and showroom. This building used to be a warehouse for horse and grain tools back in the XVII century. The building is square, has two floors and an inside patio.[\/vc_column_text][vc_empty_space][vc_column_text]<\/p>\n<h2>Where to eat in Frigiliana<\/h2>\n<p>[\/vc_column_text][vc_empty_space][vc_column_text]<\/p>\n<h3>La tienda<\/h3>\n<p>A charming little place where you can order good homemade cakes (I recommend the carrot cake) while you relax in this gorgeous area. It is located next to the church. The small number of tables may seem like an inconvenience but in reality just adds to the charm.[\/vc_column_text][vc_empty_space][vc_column_text]<\/p>\n<h3>Acebuchal bar<\/h3>\n<p>Located out of town, and you will have to go along non-asphalted roads to get there. That said, it is well well worth it. Local food, game meat, and their own homemade bread.[\/vc_column_text][vc_empty_space][vc_column_text]<\/p>\n<h3>Taberna del Sacrist\u00e1n<\/h3>\n<p>Located in the square just outside the San Anton church, making it a charming place. Excellent service and top quality meals. I recommend the piquillo peppers stuffed with seafood and the T-Bone.[\/vc_column_text][vc_empty_space][vc_column_text]<\/p>\n<h3>The Garden Restaurant<\/h3>\n<p>VIP views all year round thanks to their covered terrace. The price may be a little high but the food and the service are excellent. To get to this restaurant you must walk a little and also go up some steps.[\/vc_column_text][vc_empty_space][vc_column_text]<\/p>\n<h3>El casino<\/h3>\n<p>A place you should visit. Fantastic views and scenery. The quality-price ratio is quite good[\/vc_column_text][vc_empty_space height=&#8221;50px&#8221;][vc_column_text]<\/p>\n<h2>Frigiliana tourism office.<\/h2>\n<p>[\/vc_column_text][vc_empty_space][vc_column_text]<\/p>\n<h3>Summer opening hours <small>(From the 16th of September to the 1st of July)<\/small><\/h3>\n<ul>\n<li>Monday to Friday: 10am to 6pm<\/li>\n<li>Saturdays: 10am to 2pm and 4pm to 8pm<\/li>\n<li>Sundays: 10am to 2pm<\/li>\n<\/ul>\n<p>[\/vc_column_text][vc_empty_space][vc_column_text]<\/p>\n<h3>Winter opening hours <small>(From the 1st of July to the 15th of September)<\/small><\/h3>\n<ul>\n<li>Monday to Saturday: 10am to 2:30pm and 5:30pm to 9pm<\/li>\n<li>Sundays: 10am to 2:30pm<\/li>\n<\/ul>\n<p>[\/vc_column_text][vc_empty_space][vc_column_text]<\/p>\n<h3>What you should know:<\/h3>\n<ul>\n<li>Address: Cuesta del Apero s\/n<\/li>\n<li>Telephone: <a href=\"tel:0034952534261\">95 253 42 61<\/a><\/li>\n<li>Email:\u00a0<a href=\"mailto:oficinaturismo@frigiliana.es\">oficinaturismo@frigiliana.es<\/a><\/li>\n<\/ul>\n<p>[\/vc_column_text][vc_empty_space height=&#8221;50px&#8221;][\/vc_column][\/vc_row]<\/p>\n\n\n<div class=\"kk-star-ratings kksr-auto kksr-align-left kksr-valign-bottom\"\n    data-payload='{&quot;align&quot;:&quot;left&quot;,&quot;id&quot;:&quot;880&quot;,&quot;slug&quot;:&quot;default&quot;,&quot;valign&quot;:&quot;bottom&quot;,&quot;ignore&quot;:&quot;&quot;,&quot;reference&quot;:&quot;auto&quot;,&quot;class&quot;:&quot;&quot;,&quot;count&quot;:&quot;3&quot;,&quot;legendonly&quot;:&quot;&quot;,&quot;readonly&quot;:&quot;&quot;,&quot;score&quot;:&quot;5&quot;,&quot;starsonly&quot;:&quot;&quot;,&quot;best&quot;:&quot;5&quot;,&quot;gap&quot;:&quot;5&quot;,&quot;greet&quot;:&quot;Rate this page&quot;,&quot;legend&quot;:&quot;5\\\/5 - (3 votes)&quot;,&quot;size&quot;:&quot;24&quot;,&quot;title&quot;:&quot;Tourism in Frigiliana&quot;,&quot;width&quot;:&quot;142.5&quot;,&quot;_legend&quot;:&quot;{score}\\\/{best} - ({count} {votes})&quot;,&quot;font_factor&quot;:&quot;1.25&quot;}'>\n            \n<div class=\"kksr-stars\">\n    \n<div class=\"kksr-stars-inactive\">\n            <div class=\"kksr-star\" data-star=\"1\" style=\"padding-right: 5px\">\n            \n\n<div class=\"kksr-icon\" style=\"width: 24px; height: 24px;\"><\/div>\n        <\/div>\n            <div class=\"kksr-star\" data-star=\"2\" style=\"padding-right: 5px\">\n            \n\n<div class=\"kksr-icon\" style=\"width: 24px; height: 24px;\"><\/div>\n        <\/div>\n            <div class=\"kksr-star\" data-star=\"3\" style=\"padding-right: 5px\">\n            \n\n<div class=\"kksr-icon\" style=\"width: 24px; height: 24px;\"><\/div>\n        <\/div>\n            <div class=\"kksr-star\" data-star=\"4\" style=\"padding-right: 5px\">\n            \n\n<div class=\"kksr-icon\" style=\"width: 24px; height: 24px;\"><\/div>\n        <\/div>\n            <div class=\"kksr-star\" data-star=\"5\" style=\"padding-right: 5px\">\n            \n\n<div class=\"kksr-icon\" style=\"width: 24px; height: 24px;\"><\/div>\n        <\/div>\n    <\/div>\n    \n<div class=\"kksr-stars-active\" style=\"width: 142.5px;\">\n            <div class=\"kksr-star\" style=\"padding-right: 5px\">\n            \n\n<div class=\"kksr-icon\" style=\"width: 24px; height: 24px;\"><\/div>\n        <\/div>\n            <div class=\"kksr-star\" style=\"padding-right: 5px\">\n            \n\n<div class=\"kksr-icon\" style=\"width: 24px; height: 24px;\"><\/div>\n        <\/div>\n            <div class=\"kksr-star\" style=\"padding-right: 5px\">\n            \n\n<div class=\"kksr-icon\" style=\"width: 24px; height: 24px;\"><\/div>\n        <\/div>\n            <div class=\"kksr-star\" style=\"padding-right: 5px\">\n            \n\n<div class=\"kksr-icon\" style=\"width: 24px; height: 24px;\"><\/div>\n        <\/div>\n            <div class=\"kksr-star\" style=\"padding-right: 5px\">\n            \n\n<div class=\"kksr-icon\" style=\"width: 24px; height: 24px;\"><\/div>\n        <\/div>\n    <\/div>\n<\/div>\n                \n\n<div class=\"kksr-legend\" style=\"font-size: 19.2px;\">\n            5\/5 - (3 votes)    <\/div>\n    <\/div>\n<\/div>","protected":false},"excerpt":{"rendered":"<p>[vc_row css_animation=&#8221;&#8221; row_type=&#8221;row&#8221; use_row_as_full_screen_section=&#8221;no&#8221; type=&#8221;full_width&#8221; angled_section=&#8221;no&#8221; text_align=&#8221;left&#8221; background_image_as_pattern=&#8221;without_pattern&#8221;][vc_column][vc_column_text]Frigiliana is one of our neighboring towns. Located in the Sierra Almijara mountain range, north of Nerja. The marvelous whitewashed houses here transmit peace and take you back to the Middle Age. Built around beautiful narrow streets, most&#8230;<\/p>\n","protected":false},"author":2,"featured_media":0,"parent":0,"menu_order":0,"comment_status":"closed","ping_status":"closed","template":"","meta":{"_mc_calendar":[],"footnotes":""},"class_list":["post-880","page","type-page","status-publish","hentry"],"yoast_head":"<!-- This site is optimized with the Yoast SEO plugin v27.4 - https:\/\/yoast.com\/product\/yoast-seo-wordpress\/ -->\n<title>Tourism in Frigiliana. Come and visit our neighboring town.<\/title>\n<meta name=\"description\" content=\"Tourism in Frigiliana, a charming experience. You will be surprised at how beautiful this place is. \u00bfWhat to do in Frigiliana?\" \/>\n<meta name=\"robots\" content=\"index, follow, max-snippet:-1, max-image-preview:large, max-video-preview:-1\" \/>\n<link rel=\"canonical\" href=\"https:\/\/www.nerja-turismo.com\/en\/frigiliana\/\" \/>\n<meta property=\"og:locale\" content=\"en_US\" \/>\n<meta property=\"og:type\" content=\"article\" \/>\n<meta property=\"og:title\" content=\"Tourism in Frigiliana. Come and visit our neighboring town.\" \/>\n<meta property=\"og:description\" content=\"Tourism in Frigiliana, a charming experience. You will be surprised at how beautiful this place is. \u00bfWhat to do in Frigiliana?\" \/>\n<meta property=\"og:url\" content=\"https:\/\/www.nerja-turismo.com\/en\/frigiliana\/\" \/>\n<meta property=\"og:site_name\" content=\"Nerja Turismo\" \/>\n<meta property=\"article:publisher\" content=\"https:\/\/www.facebook.com\/nerjaturismo\" \/>\n<meta property=\"article:modified_time\" content=\"2018-03-21T18:19:32+00:00\" \/>\n<meta name=\"twitter:card\" content=\"summary_large_image\" \/>\n<meta name=\"twitter:site\" content=\"@turismonerja\" \/>\n<meta name=\"twitter:label1\" content=\"Est. reading time\" \/>\n\t<meta name=\"twitter:data1\" content=\"7 minutes\" \/>\n<script type=\"application\/ld+json\" class=\"yoast-schema-graph\">{\"@context\":\"https:\\\/\\\/schema.org\",\"@graph\":[{\"@type\":\"WebPage\",\"@id\":\"https:\\\/\\\/www.nerja-turismo.com\\\/en\\\/frigiliana\\\/\",\"url\":\"https:\\\/\\\/www.nerja-turismo.com\\\/en\\\/frigiliana\\\/\",\"name\":\"Tourism in Frigiliana. Come and visit our neighboring town.\",\"isPartOf\":{\"@id\":\"https:\\\/\\\/www.nerja-turismo.com\\\/#website\"},\"datePublished\":\"2018-03-01T21:23:19+00:00\",\"dateModified\":\"2018-03-21T18:19:32+00:00\",\"description\":\"Tourism in Frigiliana, a charming experience. You will be surprised at how beautiful this place is. \u00bfWhat to do in Frigiliana?\",\"breadcrumb\":{\"@id\":\"https:\\\/\\\/www.nerja-turismo.com\\\/en\\\/frigiliana\\\/#breadcrumb\"},\"inLanguage\":\"en-US\",\"potentialAction\":[{\"@type\":\"ReadAction\",\"target\":[\"https:\\\/\\\/www.nerja-turismo.com\\\/en\\\/frigiliana\\\/\"]}]},{\"@type\":\"BreadcrumbList\",\"@id\":\"https:\\\/\\\/www.nerja-turismo.com\\\/en\\\/frigiliana\\\/#breadcrumb\",\"itemListElement\":[{\"@type\":\"ListItem\",\"position\":1,\"name\":\"Portada\",\"item\":\"https:\\\/\\\/www.nerja-turismo.com\\\/en\\\/\"},{\"@type\":\"ListItem\",\"position\":2,\"name\":\"Tourism in Frigiliana\"}]},{\"@type\":\"WebSite\",\"@id\":\"https:\\\/\\\/www.nerja-turismo.com\\\/#website\",\"url\":\"https:\\\/\\\/www.nerja-turismo.com\\\/\",\"name\":\"Nerja Turismo\",\"description\":\"El paraiso de la Axarkia\",\"publisher\":{\"@id\":\"https:\\\/\\\/www.nerja-turismo.com\\\/#organization\"},\"potentialAction\":[{\"@type\":\"SearchAction\",\"target\":{\"@type\":\"EntryPoint\",\"urlTemplate\":\"https:\\\/\\\/www.nerja-turismo.com\\\/?s={search_term_string}\"},\"query-input\":{\"@type\":\"PropertyValueSpecification\",\"valueRequired\":true,\"valueName\":\"search_term_string\"}}],\"inLanguage\":\"en-US\"},{\"@type\":\"Organization\",\"@id\":\"https:\\\/\\\/www.nerja-turismo.com\\\/#organization\",\"name\":\"Nerja-Turismo\",\"url\":\"https:\\\/\\\/www.nerja-turismo.com\\\/\",\"logo\":{\"@type\":\"ImageObject\",\"inLanguage\":\"en-US\",\"@id\":\"https:\\\/\\\/www.nerja-turismo.com\\\/#\\\/schema\\\/logo\\\/image\\\/\",\"url\":\"https:\\\/\\\/www.nerja-turismo.com\\\/wp-content\\\/uploads\\\/2018\\\/03\\\/logo-cuadrado.jpg\",\"contentUrl\":\"https:\\\/\\\/www.nerja-turismo.com\\\/wp-content\\\/uploads\\\/2018\\\/03\\\/logo-cuadrado.jpg\",\"width\":1701,\"height\":1701,\"caption\":\"Nerja-Turismo\"},\"image\":{\"@id\":\"https:\\\/\\\/www.nerja-turismo.com\\\/#\\\/schema\\\/logo\\\/image\\\/\"},\"sameAs\":[\"https:\\\/\\\/www.facebook.com\\\/nerjaturismo\",\"https:\\\/\\\/x.com\\\/turismonerja\",\"https:\\\/\\\/www.instagram.com\\\/nerjaturismo\\\/\",\"https:\\\/\\\/www.youtube.com\\\/channel\\\/UCPPlJnUeC3T7-aRpjufrxLQ\"]}]}<\/script>\n<!-- \/ Yoast SEO plugin. -->","yoast_head_json":{"title":"Tourism in Frigiliana. Come and visit our neighboring town.","description":"Tourism in Frigiliana, a charming experience. You will be surprised at how beautiful this place is. \u00bfWhat to do in Frigiliana?","robots":{"index":"index","follow":"follow","max-snippet":"max-snippet:-1","max-image-preview":"max-image-preview:large","max-video-preview":"max-video-preview:-1"},"canonical":"https:\/\/www.nerja-turismo.com\/en\/frigiliana\/","og_locale":"en_US","og_type":"article","og_title":"Tourism in Frigiliana. Come and visit our neighboring town.","og_description":"Tourism in Frigiliana, a charming experience. You will be surprised at how beautiful this place is. \u00bfWhat to do in Frigiliana?","og_url":"https:\/\/www.nerja-turismo.com\/en\/frigiliana\/","og_site_name":"Nerja Turismo","article_publisher":"https:\/\/www.facebook.com\/nerjaturismo","article_modified_time":"2018-03-21T18:19:32+00:00","twitter_card":"summary_large_image","twitter_site":"@turismonerja","twitter_misc":{"Est. reading time":"7 minutes"},"schema":{"@context":"https:\/\/schema.org","@graph":[{"@type":"WebPage","@id":"https:\/\/www.nerja-turismo.com\/en\/frigiliana\/","url":"https:\/\/www.nerja-turismo.com\/en\/frigiliana\/","name":"Tourism in Frigiliana. Come and visit our neighboring town.","isPartOf":{"@id":"https:\/\/www.nerja-turismo.com\/#website"},"datePublished":"2018-03-01T21:23:19+00:00","dateModified":"2018-03-21T18:19:32+00:00","description":"Tourism in Frigiliana, a charming experience. You will be surprised at how beautiful this place is. \u00bfWhat to do in Frigiliana?","breadcrumb":{"@id":"https:\/\/www.nerja-turismo.com\/en\/frigiliana\/#breadcrumb"},"inLanguage":"en-US","potentialAction":[{"@type":"ReadAction","target":["https:\/\/www.nerja-turismo.com\/en\/frigiliana\/"]}]},{"@type":"BreadcrumbList","@id":"https:\/\/www.nerja-turismo.com\/en\/frigiliana\/#breadcrumb","itemListElement":[{"@type":"ListItem","position":1,"name":"Portada","item":"https:\/\/www.nerja-turismo.com\/en\/"},{"@type":"ListItem","position":2,"name":"Tourism in Frigiliana"}]},{"@type":"WebSite","@id":"https:\/\/www.nerja-turismo.com\/#website","url":"https:\/\/www.nerja-turismo.com\/","name":"Nerja Turismo","description":"El paraiso de la Axarkia","publisher":{"@id":"https:\/\/www.nerja-turismo.com\/#organization"},"potentialAction":[{"@type":"SearchAction","target":{"@type":"EntryPoint","urlTemplate":"https:\/\/www.nerja-turismo.com\/?s={search_term_string}"},"query-input":{"@type":"PropertyValueSpecification","valueRequired":true,"valueName":"search_term_string"}}],"inLanguage":"en-US"},{"@type":"Organization","@id":"https:\/\/www.nerja-turismo.com\/#organization","name":"Nerja-Turismo","url":"https:\/\/www.nerja-turismo.com\/","logo":{"@type":"ImageObject","inLanguage":"en-US","@id":"https:\/\/www.nerja-turismo.com\/#\/schema\/logo\/image\/","url":"https:\/\/www.nerja-turismo.com\/wp-content\/uploads\/2018\/03\/logo-cuadrado.jpg","contentUrl":"https:\/\/www.nerja-turismo.com\/wp-content\/uploads\/2018\/03\/logo-cuadrado.jpg","width":1701,"height":1701,"caption":"Nerja-Turismo"},"image":{"@id":"https:\/\/www.nerja-turismo.com\/#\/schema\/logo\/image\/"},"sameAs":["https:\/\/www.facebook.com\/nerjaturismo","https:\/\/x.com\/turismonerja","https:\/\/www.instagram.com\/nerjaturismo\/","https:\/\/www.youtube.com\/channel\/UCPPlJnUeC3T7-aRpjufrxLQ"]}]}},"_links":{"self":[{"href":"https:\/\/www.nerja-turismo.com\/en\/wp-json\/wp\/v2\/pages\/880","targetHints":{"allow":["GET"]}}],"collection":[{"href":"https:\/\/www.nerja-turismo.com\/en\/wp-json\/wp\/v2\/pages"}],"about":[{"href":"https:\/\/www.nerja-turismo.com\/en\/wp-json\/wp\/v2\/types\/page"}],"author":[{"embeddable":true,"href":"https:\/\/www.nerja-turismo.com\/en\/wp-json\/wp\/v2\/users\/2"}],"replies":[{"embeddable":true,"href":"https:\/\/www.nerja-turismo.com\/en\/wp-json\/wp\/v2\/comments?post=880"}],"version-history":[{"count":2,"href":"https:\/\/www.nerja-turismo.com\/en\/wp-json\/wp\/v2\/pages\/880\/revisions"}],"predecessor-version":[{"id":882,"href":"https:\/\/www.nerja-turismo.com\/en\/wp-json\/wp\/v2\/pages\/880\/revisions\/882"}],"wp:attachment":[{"href":"https:\/\/www.nerja-turismo.com\/en\/wp-json\/wp\/v2\/media?parent=880"}],"curies":[{"name":"wp","href":"https:\/\/api.w.org\/{rel}","templated":true}]}}