{"id":564,"date":"2018-02-27T14:14:45","date_gmt":"2018-02-27T14:14:45","guid":{"rendered":"https:\/\/www.nerja-turismo.com\/home\/"},"modified":"2023-04-17T07:39:04","modified_gmt":"2023-04-17T05:39:04","slug":"home","status":"publish","type":"page","link":"https:\/\/www.nerja-turismo.com\/en\/","title":{"rendered":"Home"},"content":{"rendered":"<div class=\"wpb-content-wrapper\"><p>[vc_row row_type=&#8221;row&#8221; use_row_as_full_screen_section=&#8221;no&#8221; type=&#8221;grid&#8221; angled_section=&#8221;no&#8221; text_align=&#8221;left&#8221; background_image_as_pattern=&#8221;without_pattern&#8221; background_color=&#8221;#ffffff&#8221; padding_bottom=&#8221;14&#8243; el_class=&#8221;hidden&#8221;][vc_column][vc_column_text]Here at\u00a0<strong>Nerja Turismo\u00a0<\/strong>we are going to explain how to make the most out of our lovely town. You will discover all the intricacies on offer in one of the nicest towns in M\u00e1laga, our\u00a0<strong>Nerja Today<\/strong>. Our aim is to help you plan your stay in Nerja so you can share some magnificent moments with your family.[\/vc_column_text][vc_empty_space][vc_column_text]<\/p>\n<h1 class=\"center\" style=\"text-align: center;\">Here at Nerja Turismo, we are going to show you the Spanish town with the most charm. You will know nerja today<\/h1>\n<p>[\/vc_column_text][vc_empty_space height=&#8221;50px&#8221;][vc_column_text]<\/p>\n<h2 style=\"text-align: center;\">Are you visiting Nerja Today?<\/h2>\n<p>[\/vc_column_text][vc_empty_space][vc_column_text]<\/p>\n<div class=\"wpb_text_column wpb_content_element \">\n<div class=\"wpb_wrapper\">\n<p>Nerja is a small fishing and agricultural village in M\u00e1laga. It is the last town East of M\u00e1laga, bordering with Granada and its subtropical climate translates to 320 days of sun, making Nerja an ideal tourist resort, whether it is for leisure, business, or just straight forward relaxing. Also, there are plenty of nature spots, like Maro, Cerro Gordo or the Tejeda and Almijara mountain ranges. This unique mix of sea and mountain makes\u00a0<strong>Nerja a very special and unique place<\/strong>. Here at Nerja tourism, you\u2019ll find everything you need to make your stay in Nerja as perfect as possible:<\/p>\n<\/div>\n<\/div>\n<div class=\"separator transparent \">\u00a0Sea, sun, beer, wine, fresh fish, fresh seafood, flamenco, local parties and Semana Santa.<\/div>\n<p>[\/vc_column_text][vc_row_inner row_type=&#8221;row&#8221; type=&#8221;full_width&#8221; text_align=&#8221;left&#8221; css_animation=&#8221;&#8221;][vc_column_inner width=&#8221;1\/2&#8243; offset=&#8221;vc_col-lg-3 vc_col-md-6&#8243;][vc_empty_space][vc_separator color=&#8221;&#8221; type=&#8221;transparent&#8221; position=&#8221;center&#8221; thickness=&#8221;&#8221; up=&#8221;10&#8243; down=&#8221;10&#8243;][\/vc_column_inner][vc_column_inner width=&#8221;1\/2&#8243; offset=&#8221;vc_col-lg-3 vc_col-md-6&#8243;][vc_empty_space][vc_separator color=&#8221;&#8221; type=&#8221;transparent&#8221; position=&#8221;center&#8221; thickness=&#8221;&#8221; up=&#8221;10&#8243; down=&#8221;10&#8243;][\/vc_column_inner][vc_column_inner width=&#8221;1\/2&#8243; offset=&#8221;vc_col-lg-3 vc_col-md-6&#8243;][vc_empty_space][vc_separator color=&#8221;&#8221; type=&#8221;transparent&#8221; position=&#8221;center&#8221; thickness=&#8221;&#8221; up=&#8221;10&#8243; down=&#8221;10&#8243;][\/vc_column_inner][vc_column_inner width=&#8221;1\/2&#8243; offset=&#8221;vc_col-lg-3 vc_col-md-6&#8243;][vc_empty_space][vc_separator color=&#8221;&#8221; type=&#8221;transparent&#8221; position=&#8221;center&#8221; thickness=&#8221;&#8221; up=&#8221;10&#8243; down=&#8221;10&#8243;][\/vc_column_inner][\/vc_row_inner][vc_empty_space height=&#8221;50px&#8221;][vc_column_text]<\/p>\n<h2 class=\"center\" style=\"text-align: center;\">Tourism in Nerja<\/h2>\n<p>[\/vc_column_text][vc_empty_space][vc_column_text]Here at\u00a0<b>Nerja Turismo\u00a0<\/b>we would like to point out a great variety of interesting spots for tourists. Found on the skirt of the Sierra Almijara mountain range,\u00a0<b>Nerja today\u00a0<\/b>has a 14km coast that mostly consists of cliffs, but there are very beautiful beaches too. In Nerja there are also 3 rivers: Rio Seco, Rio de la Miel and Rio Chillar, this last one is very famous with tourists because you can walk up it reaching the mountains, passing by waterfalls and beautiful landscapes.<\/p>\n<p>Check <a href=\"https:\/\/nerjaplaces.com\/\" target=\"_blank\" rel=\"noopener\">nerja places<\/a>, the best place to book accommodation in nerja[\/vc_column_text][vc_empty_space height=&#8221;50px&#8221;][vc_column_text]<\/p>\n<h2 class=\"center\" style=\"text-align: center;\">The Nerja Caves<\/h2>\n<p>[\/vc_column_text][vc_empty_space][vc_column_text]Situated in the district known as Maro, we can find the\u00a0<a href=\"https:\/\/www.nerja-turismo.com\/en\/nerja-caves\/\">Nerja Caves<\/a>. In this cave, you will be able to see rock paintings, stalagmites, and stalactites. You can also find one of the largest columns in the world. There is also a theater inside the caves, here they hold the \u201cFestival de las Cuevas de Nerja\u201d festival.<\/p>\n<p><a href=\"https:\/\/www.nerja-turismo.com\/en\/nerja-caves\/\">Come and see what Nerja Tourism has to say about the Caves.<\/a>[\/vc_column_text][vc_empty_space height=&#8221;50px&#8221;][vc_column_text]<\/p>\n<h2 class=\"center\" style=\"text-align: center;\">Tourism in the town center<\/h2>\n<p>[\/vc_column_text][vc_empty_space][vc_column_text]In the center of town, you will find one of the most emblematic structures in\u00a0<strong>Nerja<\/strong>, the\u00a0<strong><a href=\"https:\/\/www.nerja-turismo.com\/en\/balcony-of-europe\/\">Balc\u00f3n de Europa<\/a><\/strong>, a balcony above a cliff that looks over the sea, the views here are truly mesmerizing.<br \/>\nThe old town is very Andalucian, it\u2019s full of white-washed houses, and pebble streets. Some houses still have their Andalucian terraces, they are truly beautiful. In these pebble streets you can shop for typical products: sweet wine, sugar cane honey (delicious!) and plenty of freshly harvested fruit and vegetables.<br \/>\nThere are also a good amount of squares in Nerja: Plaza Espa\u00f1a is the main square but Plaza Cantarero, Plaza de los Cangrejos, Plaza de la Ermita the Plaza Andaluc\u00eda are all full of charm. Nerja also has some very nice churches, in Plaza Andaluc\u00eda you can find the San Miguel church,and in La Ermita you can find another church where the patroness of Nerja is found, Virgen de las Angustias.<\/p>\n<p>On another note, the Plaza Tutti Frutti is full of late night bars and clubs for those who want to experience the local nightlife scene.<\/p>\n<p>To get around, don&#8217;t forget to <a href=\"https:\/\/gatygorent.com\/\" target=\"_blank\" rel=\"noopener\">rent your bike or motorbike in Nerja with Gatygo-Rent<\/a>[\/vc_column_text][vc_empty_space height=&#8221;50px&#8221;][vc_column_text]<\/p>\n<h2 class=\"separator transparent \" style=\"text-align: center;\">\u00a0Festivities in Nerja<\/h2>\n<p>[\/vc_column_text][vc_empty_space][vc_column_text]If it\u2019s traditional Andalucian parties that you are looking for, you\u2019re in luck. In\u00a0<b>Nerja\u00a0<\/b>there are lots of these parties throughout the year: the Nerja Carnival, San Juan, Virgen del Carmen, Fiesta Blanca (white party), San Isidro, the Nerja fair and many more\u2026[\/vc_column_text][vc_empty_space height=&#8221;50px&#8221;][vc_column_text]<\/p>\n<h2 class=\"center\" style=\"text-align: center;\">Nerja, a cinema tourism<\/h2>\n<p>[\/vc_column_text][vc_empty_space][vc_column_text]<b>Nerja today<\/b>\u00a0and yersterday has been the stage of adverts, movies, and tv series, the most famous of which is Verano Azul which was filmed completely in the area and was one of the biggest tv series in Spain. If you fancy it you can take a Verano Azul tour with one of the series actors Tito, Tito is very friendly and speaks good English, and on the plus side, the price is very fair.[\/vc_column_text][vc_empty_space height=&#8221;50px&#8221;][\/vc_column][\/vc_row]<\/p>\n\n\n<div class=\"kk-star-ratings kksr-auto kksr-align-left kksr-valign-bottom\"\n    data-payload='{&quot;align&quot;:&quot;left&quot;,&quot;id&quot;:&quot;564&quot;,&quot;slug&quot;:&quot;default&quot;,&quot;valign&quot;:&quot;bottom&quot;,&quot;ignore&quot;:&quot;&quot;,&quot;reference&quot;:&quot;auto&quot;,&quot;class&quot;:&quot;&quot;,&quot;count&quot;:&quot;22&quot;,&quot;legendonly&quot;:&quot;&quot;,&quot;readonly&quot;:&quot;&quot;,&quot;score&quot;:&quot;3.1&quot;,&quot;starsonly&quot;:&quot;&quot;,&quot;best&quot;:&quot;5&quot;,&quot;gap&quot;:&quot;5&quot;,&quot;greet&quot;:&quot;Rate this page&quot;,&quot;legend&quot;:&quot;3.1\\\/5 - (22 votes)&quot;,&quot;size&quot;:&quot;24&quot;,&quot;title&quot;:&quot;Home&quot;,&quot;width&quot;:&quot;87.4&quot;,&quot;_legend&quot;:&quot;{score}\\\/{best} - ({count} {votes})&quot;,&quot;font_factor&quot;:&quot;1.25&quot;}'>\n            \n<div class=\"kksr-stars\">\n    \n<div class=\"kksr-stars-inactive\">\n            <div class=\"kksr-star\" data-star=\"1\" style=\"padding-right: 5px\">\n            \n\n<div class=\"kksr-icon\" style=\"width: 24px; height: 24px;\"><\/div>\n        <\/div>\n            <div class=\"kksr-star\" data-star=\"2\" style=\"padding-right: 5px\">\n            \n\n<div class=\"kksr-icon\" style=\"width: 24px; height: 24px;\"><\/div>\n        <\/div>\n            <div class=\"kksr-star\" data-star=\"3\" style=\"padding-right: 5px\">\n            \n\n<div class=\"kksr-icon\" style=\"width: 24px; height: 24px;\"><\/div>\n        <\/div>\n            <div class=\"kksr-star\" data-star=\"4\" style=\"padding-right: 5px\">\n            \n\n<div class=\"kksr-icon\" style=\"width: 24px; height: 24px;\"><\/div>\n        <\/div>\n            <div class=\"kksr-star\" data-star=\"5\" style=\"padding-right: 5px\">\n            \n\n<div class=\"kksr-icon\" style=\"width: 24px; height: 24px;\"><\/div>\n        <\/div>\n    <\/div>\n    \n<div class=\"kksr-stars-active\" style=\"width: 87.4px;\">\n            <div class=\"kksr-star\" style=\"padding-right: 5px\">\n            \n\n<div class=\"kksr-icon\" style=\"width: 24px; height: 24px;\"><\/div>\n        <\/div>\n            <div class=\"kksr-star\" style=\"padding-right: 5px\">\n            \n\n<div class=\"kksr-icon\" style=\"width: 24px; height: 24px;\"><\/div>\n        <\/div>\n            <div class=\"kksr-star\" style=\"padding-right: 5px\">\n            \n\n<div class=\"kksr-icon\" style=\"width: 24px; height: 24px;\"><\/div>\n        <\/div>\n            <div class=\"kksr-star\" style=\"padding-right: 5px\">\n            \n\n<div class=\"kksr-icon\" style=\"width: 24px; height: 24px;\"><\/div>\n        <\/div>\n            <div class=\"kksr-star\" style=\"padding-right: 5px\">\n            \n\n<div class=\"kksr-icon\" style=\"width: 24px; height: 24px;\"><\/div>\n        <\/div>\n    <\/div>\n<\/div>\n                \n\n<div class=\"kksr-legend\" style=\"font-size: 19.2px;\">\n            3.1\/5 - (22 votes)    <\/div>\n    <\/div>\n<\/div>","protected":false},"excerpt":{"rendered":"<p>[vc_row row_type=&#8221;row&#8221; use_row_as_full_screen_section=&#8221;no&#8221; type=&#8221;grid&#8221; angled_section=&#8221;no&#8221; text_align=&#8221;left&#8221; background_image_as_pattern=&#8221;without_pattern&#8221; background_color=&#8221;#ffffff&#8221; padding_bottom=&#8221;14&#8243; el_class=&#8221;hidden&#8221;][vc_column][vc_column_text]Here at\u00a0Nerja Turismo\u00a0we are going to explain how to make the most out of our lovely town. You will discover all the intricacies on offer in one of the nicest towns in M\u00e1laga, our\u00a0Nerja Today. Our&#8230;<\/p>\n","protected":false},"author":2,"featured_media":0,"parent":0,"menu_order":0,"comment_status":"closed","ping_status":"closed","template":"","meta":{"_mc_calendar":[],"footnotes":""},"class_list":["post-564","page","type-page","status-publish","hentry"],"yoast_head":"<!-- This site is optimized with the Yoast SEO plugin v27.4 - https:\/\/yoast.com\/product\/yoast-seo-wordpress\/ -->\n<title>The PERFECT guide for your holiday in NERJA TODAY or whenever<\/title>\n<meta name=\"description\" content=\"Nerja Turismo is a site designed to help you perfect your stay in Nerja. Are you visiting Nerja today or maybe soon? Come see.\" \/>\n<meta name=\"robots\" content=\"index, follow, max-snippet:-1, max-image-preview:large, max-video-preview:-1\" \/>\n<link rel=\"canonical\" href=\"https:\/\/www.nerja-turismo.com\/en\/\" \/>\n<meta property=\"og:locale\" content=\"en_US\" \/>\n<meta property=\"og:type\" content=\"article\" \/>\n<meta property=\"og:title\" content=\"The PERFECT guide for your holiday in NERJA TODAY or whenever\" \/>\n<meta property=\"og:description\" content=\"Nerja Turismo is a site designed to help you perfect your stay in Nerja. Are you visiting Nerja today or maybe soon? Come see.\" \/>\n<meta property=\"og:url\" content=\"https:\/\/www.nerja-turismo.com\/en\/\" \/>\n<meta property=\"og:site_name\" content=\"Nerja Turismo\" \/>\n<meta property=\"article:publisher\" content=\"https:\/\/www.facebook.com\/nerjaturismo\" \/>\n<meta property=\"article:modified_time\" content=\"2023-04-17T05:39:04+00:00\" \/>\n<meta name=\"twitter:card\" content=\"summary_large_image\" \/>\n<meta name=\"twitter:site\" content=\"@turismonerja\" \/>\n<meta name=\"twitter:label1\" content=\"Est. reading time\" \/>\n\t<meta name=\"twitter:data1\" content=\"4 minutes\" \/>\n<script type=\"application\/ld+json\" class=\"yoast-schema-graph\">{\"@context\":\"https:\\\/\\\/schema.org\",\"@graph\":[{\"@type\":\"WebPage\",\"@id\":\"https:\\\/\\\/www.nerja-turismo.com\\\/en\\\/\",\"url\":\"https:\\\/\\\/www.nerja-turismo.com\\\/en\\\/\",\"name\":\"The PERFECT guide for your holiday in NERJA TODAY or whenever\",\"isPartOf\":{\"@id\":\"https:\\\/\\\/www.nerja-turismo.com\\\/#website\"},\"datePublished\":\"2018-02-27T14:14:45+00:00\",\"dateModified\":\"2023-04-17T05:39:04+00:00\",\"description\":\"Nerja Turismo is a site designed to help you perfect your stay in Nerja. Are you visiting Nerja today or maybe soon? Come see.\",\"breadcrumb\":{\"@id\":\"https:\\\/\\\/www.nerja-turismo.com\\\/en\\\/#breadcrumb\"},\"inLanguage\":\"en-US\",\"potentialAction\":[{\"@type\":\"ReadAction\",\"target\":[\"https:\\\/\\\/www.nerja-turismo.com\\\/en\\\/\"]}]},{\"@type\":\"BreadcrumbList\",\"@id\":\"https:\\\/\\\/www.nerja-turismo.com\\\/en\\\/#breadcrumb\",\"itemListElement\":[{\"@type\":\"ListItem\",\"position\":1,\"name\":\"Portada\",\"item\":\"https:\\\/\\\/www.nerja-turismo.com\\\/en\\\/\"},{\"@type\":\"ListItem\",\"position\":2,\"name\":\"Home\"}]},{\"@type\":\"WebSite\",\"@id\":\"https:\\\/\\\/www.nerja-turismo.com\\\/#website\",\"url\":\"https:\\\/\\\/www.nerja-turismo.com\\\/\",\"name\":\"Nerja Turismo\",\"description\":\"El paraiso de la Axarkia\",\"publisher\":{\"@id\":\"https:\\\/\\\/www.nerja-turismo.com\\\/#organization\"},\"potentialAction\":[{\"@type\":\"SearchAction\",\"target\":{\"@type\":\"EntryPoint\",\"urlTemplate\":\"https:\\\/\\\/www.nerja-turismo.com\\\/?s={search_term_string}\"},\"query-input\":{\"@type\":\"PropertyValueSpecification\",\"valueRequired\":true,\"valueName\":\"search_term_string\"}}],\"inLanguage\":\"en-US\"},{\"@type\":\"Organization\",\"@id\":\"https:\\\/\\\/www.nerja-turismo.com\\\/#organization\",\"name\":\"Nerja-Turismo\",\"url\":\"https:\\\/\\\/www.nerja-turismo.com\\\/\",\"logo\":{\"@type\":\"ImageObject\",\"inLanguage\":\"en-US\",\"@id\":\"https:\\\/\\\/www.nerja-turismo.com\\\/#\\\/schema\\\/logo\\\/image\\\/\",\"url\":\"https:\\\/\\\/www.nerja-turismo.com\\\/wp-content\\\/uploads\\\/2018\\\/03\\\/logo-cuadrado.jpg\",\"contentUrl\":\"https:\\\/\\\/www.nerja-turismo.com\\\/wp-content\\\/uploads\\\/2018\\\/03\\\/logo-cuadrado.jpg\",\"width\":1701,\"height\":1701,\"caption\":\"Nerja-Turismo\"},\"image\":{\"@id\":\"https:\\\/\\\/www.nerja-turismo.com\\\/#\\\/schema\\\/logo\\\/image\\\/\"},\"sameAs\":[\"https:\\\/\\\/www.facebook.com\\\/nerjaturismo\",\"https:\\\/\\\/x.com\\\/turismonerja\",\"https:\\\/\\\/www.instagram.com\\\/nerjaturismo\\\/\",\"https:\\\/\\\/www.youtube.com\\\/channel\\\/UCPPlJnUeC3T7-aRpjufrxLQ\"]}]}<\/script>\n<!-- \/ Yoast SEO plugin. -->","yoast_head_json":{"title":"The PERFECT guide for your holiday in NERJA TODAY or whenever","description":"Nerja Turismo is a site designed to help you perfect your stay in Nerja. Are you visiting Nerja today or maybe soon? Come see.","robots":{"index":"index","follow":"follow","max-snippet":"max-snippet:-1","max-image-preview":"max-image-preview:large","max-video-preview":"max-video-preview:-1"},"canonical":"https:\/\/www.nerja-turismo.com\/en\/","og_locale":"en_US","og_type":"article","og_title":"The PERFECT guide for your holiday in NERJA TODAY or whenever","og_description":"Nerja Turismo is a site designed to help you perfect your stay in Nerja. Are you visiting Nerja today or maybe soon? Come see.","og_url":"https:\/\/www.nerja-turismo.com\/en\/","og_site_name":"Nerja Turismo","article_publisher":"https:\/\/www.facebook.com\/nerjaturismo","article_modified_time":"2023-04-17T05:39:04+00:00","twitter_card":"summary_large_image","twitter_site":"@turismonerja","twitter_misc":{"Est. reading time":"4 minutes"},"schema":{"@context":"https:\/\/schema.org","@graph":[{"@type":"WebPage","@id":"https:\/\/www.nerja-turismo.com\/en\/","url":"https:\/\/www.nerja-turismo.com\/en\/","name":"The PERFECT guide for your holiday in NERJA TODAY or whenever","isPartOf":{"@id":"https:\/\/www.nerja-turismo.com\/#website"},"datePublished":"2018-02-27T14:14:45+00:00","dateModified":"2023-04-17T05:39:04+00:00","description":"Nerja Turismo is a site designed to help you perfect your stay in Nerja. Are you visiting Nerja today or maybe soon? Come see.","breadcrumb":{"@id":"https:\/\/www.nerja-turismo.com\/en\/#breadcrumb"},"inLanguage":"en-US","potentialAction":[{"@type":"ReadAction","target":["https:\/\/www.nerja-turismo.com\/en\/"]}]},{"@type":"BreadcrumbList","@id":"https:\/\/www.nerja-turismo.com\/en\/#breadcrumb","itemListElement":[{"@type":"ListItem","position":1,"name":"Portada","item":"https:\/\/www.nerja-turismo.com\/en\/"},{"@type":"ListItem","position":2,"name":"Home"}]},{"@type":"WebSite","@id":"https:\/\/www.nerja-turismo.com\/#website","url":"https:\/\/www.nerja-turismo.com\/","name":"Nerja Turismo","description":"El paraiso de la Axarkia","publisher":{"@id":"https:\/\/www.nerja-turismo.com\/#organization"},"potentialAction":[{"@type":"SearchAction","target":{"@type":"EntryPoint","urlTemplate":"https:\/\/www.nerja-turismo.com\/?s={search_term_string}"},"query-input":{"@type":"PropertyValueSpecification","valueRequired":true,"valueName":"search_term_string"}}],"inLanguage":"en-US"},{"@type":"Organization","@id":"https:\/\/www.nerja-turismo.com\/#organization","name":"Nerja-Turismo","url":"https:\/\/www.nerja-turismo.com\/","logo":{"@type":"ImageObject","inLanguage":"en-US","@id":"https:\/\/www.nerja-turismo.com\/#\/schema\/logo\/image\/","url":"https:\/\/www.nerja-turismo.com\/wp-content\/uploads\/2018\/03\/logo-cuadrado.jpg","contentUrl":"https:\/\/www.nerja-turismo.com\/wp-content\/uploads\/2018\/03\/logo-cuadrado.jpg","width":1701,"height":1701,"caption":"Nerja-Turismo"},"image":{"@id":"https:\/\/www.nerja-turismo.com\/#\/schema\/logo\/image\/"},"sameAs":["https:\/\/www.facebook.com\/nerjaturismo","https:\/\/x.com\/turismonerja","https:\/\/www.instagram.com\/nerjaturismo\/","https:\/\/www.youtube.com\/channel\/UCPPlJnUeC3T7-aRpjufrxLQ"]}]}},"_links":{"self":[{"href":"https:\/\/www.nerja-turismo.com\/en\/wp-json\/wp\/v2\/pages\/564","targetHints":{"allow":["GET"]}}],"collection":[{"href":"https:\/\/www.nerja-turismo.com\/en\/wp-json\/wp\/v2\/pages"}],"about":[{"href":"https:\/\/www.nerja-turismo.com\/en\/wp-json\/wp\/v2\/types\/page"}],"author":[{"embeddable":true,"href":"https:\/\/www.nerja-turismo.com\/en\/wp-json\/wp\/v2\/users\/2"}],"replies":[{"embeddable":true,"href":"https:\/\/www.nerja-turismo.com\/en\/wp-json\/wp\/v2\/comments?post=564"}],"version-history":[{"count":5,"href":"https:\/\/www.nerja-turismo.com\/en\/wp-json\/wp\/v2\/pages\/564\/revisions"}],"predecessor-version":[{"id":2656,"href":"https:\/\/www.nerja-turismo.com\/en\/wp-json\/wp\/v2\/pages\/564\/revisions\/2656"}],"wp:attachment":[{"href":"https:\/\/www.nerja-turismo.com\/en\/wp-json\/wp\/v2\/media?parent=564"}],"curies":[{"name":"wp","href":"https:\/\/api.w.org\/{rel}","templated":true}]}}