{"id":452,"date":"2018-02-28T23:08:31","date_gmt":"2018-02-28T23:08:31","guid":{"rendered":"https:\/\/www.nerja-turismo.com\/mercadillo-de-nerja\/"},"modified":"2019-01-10T14:29:18","modified_gmt":"2019-01-10T14:29:18","slug":"market","status":"publish","type":"page","link":"https:\/\/www.nerja-turismo.com\/en\/market\/","title":{"rendered":"Nerja Market and Car Boot Sale"},"content":{"rendered":"<div class=\"wpb-content-wrapper\"><p>[vc_row css_animation=&#8221;&#8221; row_type=&#8221;row&#8221; use_row_as_full_screen_section=&#8221;no&#8221; type=&#8221;full_width&#8221; angled_section=&#8221;no&#8221; text_align=&#8221;left&#8221; background_image_as_pattern=&#8221;without_pattern&#8221;][vc_column][vc_column_text]The\u00a0<strong>Nerja market<\/strong>\u00a0is held every\u00a0<strong>Tuesday<\/strong>\u00a0of the year, except on holidays. It is an open-air market where all the merchants exhibit their products on spacious stalls. It\u2019s quite surprising how the\u00a0<strong>merchants<\/strong>\u00a0shout out their offers and make themselves noticed in between all the noise.<\/p>\n<p>In this\u00a0<strong>market<\/strong>, you can find all kinds of fresh fruit and vegetables, and even make-up and household items. It\u2019s a very typical market, the same type of\u00a0<strong>market<\/strong>\u00a0is found in towns all over the country. Here they sell fresh quality products at fair prices.<\/p>\n<p>There are also toilets at your disposal and opposite the market area, there is a bar called Genesis where you can have a coffee or a beer and even get a bite to eat.[\/vc_column_text][vc_empty_space height=&#8221;50px&#8221;][vc_column_text]<\/p>\n<h2><span id=\"Opening-hours-of-the-Nerja-Market\">Opening hours of the Nerja Market<\/span><\/h2>\n<p>[\/vc_column_text][vc_empty_space][vc_column_text]The\u00a0<strong>market in Nerja<\/strong>\u00a0is open every Tuesday of the year, except on holidays, from 8am to 2pm. Entrance to the market is\u00a0<strong>completely FREE<\/strong>.<\/p>\n<p>There are 180 stalls on offer, and they sell fruit, vegetables, clothes, household items, and much much more.[\/vc_column_text][vc_empty_space height=&#8221;20px&#8221;][vc_single_image image=&#8221;66&#8243; img_size=&#8221;full&#8221; alignment=&#8221;center&#8221; onclick=&#8221;link_image&#8221; qode_css_animation=&#8221;&#8221;][vc_empty_space height=&#8221;20px&#8221;][vc_raw_html]JTNDc2NyaXB0JTIwYXN5bmMlMjBzcmMlM0QlMjIlMkYlMkZwYWdlYWQyLmdvb2dsZXN5bmRpY2F0aW9uLmNvbSUyRnBhZ2VhZCUyRmpzJTJGYWRzYnlnb29nbGUuanMlMjIlM0UlM0MlMkZzY3JpcHQlM0UlMEElM0MlMjEtLSUyMEFkYXB0YWJsZSUyMC0tJTNFJTBBJTNDaW5zJTIwY2xhc3MlM0QlMjJhZHNieWdvb2dsZSUyMiUwQSUyMCUyMCUyMCUyMCUyMHN0eWxlJTNEJTIyZGlzcGxheSUzQWJsb2NrJTIyJTBBJTIwJTIwJTIwJTIwJTIwZGF0YS1hZC1jbGllbnQlM0QlMjJjYS1wdWItMTA4MzYzODg2NDkyMTIyMCUyMiUwQSUyMCUyMCUyMCUyMCUyMGRhdGEtYWQtc2xvdCUzRCUyMjYwNzMxMzQ3OTYlMjIlMEElMjAlMjAlMjAlMjAlMjBkYXRhLWFkLWZvcm1hdCUzRCUyMmF1dG8lMjIlM0UlM0MlMkZpbnMlM0UlMEElM0NzY3JpcHQlM0UlMEElMjhhZHNieWdvb2dsZSUyMCUzRCUyMHdpbmRvdy5hZHNieWdvb2dsZSUyMCU3QyU3QyUyMCU1QiU1RCUyOS5wdXNoJTI4JTdCJTdEJTI5JTNCJTBBJTNDJTJGc2NyaXB0JTNF[\/vc_raw_html][vc_empty_space height=&#8221;50px&#8221;][vc_column_text]<\/p>\n<h2><span id=\"Location-of-the-Nerja-Market\">Location of the Nerja Market<\/span><\/h2>\n<p>[\/vc_column_text][vc_empty_space][vc_column_text]The\u00a0<b>Nerja Market<\/b>\u00a0is located on\u00a0<strong>Mirto street<\/strong>, next to the Almijara II complex. It can be found on an esplanade designed specifically for the\u00a0<b>market<\/b>.<\/p>\n<p>Locals and tourists visit the\u00a0<b>market every Tuesday<\/b>\u00a0to see what they can find on offer. If you wish to walk around the whole market, ask about prices and buy some products, you can expect to walk around for about 2 hours. It is highly recommended that you hydrate properly because it can get very very hot under the sun.<\/p>\n<p>To get to the\u00a0<b>Nerja Market<\/b>\u00a0you have various options. If you are driving then it is very simple because the market offers a public car park which is located just meters away. Also, you could get the bus, which only costs 1\u20ac and stops almost at the entrance of the market.<\/p>\n<p>Another mode of transports you could use to get to the Nerja Market is to get a\u00a0<b><a href=\"https:\/\/www.radiotaxisnerja.com\/en\/booking\" target=\"_blank\" rel=\"noopener\">nerja taxis<\/a><\/b>, which will cost you approximately seven euros from the center of town. If you wish to order a taxi, just ring them on 0034 95 252 05 37 and in a couple of minutes they will take you from your wherever you are to the market. Up to four people can get in one taxi.[\/vc_column_text][vc_empty_space height=&#8221;20px&#8221;][vc_gmaps link=&#8221;#E-8_JTNDaWZyYW1lJTIwc3JjJTNEJTIyaHR0cHMlM0ElMkYlMkZ3d3cuZ29vZ2xlLmNvbSUyRm1hcHMlMkZlbWJlZCUzRnBiJTNEJTIxMW0xOCUyMTFtMTIlMjExbTMlMjExZDMyMTkuNjc4MDEzNjk4OTQxNCUyMTJkLTMuODc0NjczNTkwNzE1NTM3JTIxM2QzNi43NTgyMjkxNDc2OTkyMyUyMTJtMyUyMTFmMCUyMTJmMCUyMTNmMCUyMTNtMiUyMTFpMTAyNCUyMTJpNzY4JTIxNGYxMy4xJTIxM20zJTIxMW0yJTIxMXMweGQ3MjI1MDJiZmFhNWI3NSUyNTNBMHg1NjczYTZkMTVjODkzNTBlJTIxMnNNZXJjYWRvJTJCTmVyamElMjE1ZTAlMjEzbTIlMjExc2VzJTIxMnNlcyUyMTR2MTUxOTg1OTU0MzkyMiUyMiUyMHdpZHRoJTNEJTIyNjAwJTIyJTIwaGVpZ2h0JTNEJTIyNDUwJTIyJTIwZnJhbWVib3JkZXIlM0QlMjIwJTIyJTIwc3R5bGUlM0QlMjJib3JkZXIlM0EwJTIyJTIwYWxsb3dmdWxsc2NyZWVuJTNFJTNDJTJGaWZyYW1lJTNF&#8221;][vc_empty_space height=&#8221;20px&#8221;][vc_single_image image=&#8221;68&#8243; img_size=&#8221;full&#8221; add_caption=&#8221;yes&#8221; alignment=&#8221;center&#8221; onclick=&#8221;link_image&#8221; qode_css_animation=&#8221;&#8221;][vc_empty_space height=&#8221;50px&#8221;][vc_column_text]<\/p>\n<h2><span id=\"Sundays-Nerja-Car-Boot-Sale\">Sunday\u2019s Nerja Car Boot Sale<\/span><\/h2>\n<p>[\/vc_column_text][vc_empty_space][vc_column_text]The Car Boot Sale in Nerja is held every Sunday by the Lions club. Here you can find hundreds of second-hand products, which is great for collectors, and\u00a0<strong>home-made products<\/strong>\u00a0such as straw baskets.<\/p>\n<p>It\u2019s a very international market, more so than the\u00a0<strong>Tuesday market<\/strong>, where you can find merchants from lots of different countries. Here you will be able to find some\u00a0<strong>antiques<\/strong>\u00a0which you simply cannot buy in shops.<\/p>\n<p>It is held every\u00a0<strong>Sunday<\/strong>\u00a0on the same esplanade as the Tuesday market (<strong>Mirto street<\/strong>). And offers the same opening hours (8am to 2pm).<\/p>\n<p><strong>At this market<\/strong>, it is quite common to try and reduce the prices of what you have your eye set on, and normally people will not pay the full price shown.<br \/>\nIt is the perfect place to buy that book that you have been looking for or that very old toy that you used to have when you were just a kid.[\/vc_column_text][vc_empty_space height=&#8221;50px&#8221;][vc_column_text]<\/p>\n<h2><span id=\"Other-markets-close-to-Nerja\">Other markets close to Nerja<\/span><\/h2>\n<p>[\/vc_column_text][vc_empty_space][vc_column_text]<\/p>\n<ul>\n<li><strong>MONDAY:<\/strong>\u00a0Torrox Pueblo \u2013 Torrox Costa-Marbella<\/li>\n<li><strong>TUESDAY:<\/strong>\u00a0Nerja \u2013 Motril \u2013 Salobre\u00f1a-Fuengirola<\/li>\n<li><strong>WEDNESDAY:<\/strong>\u00a0Algarrobo Costa \u2013 Rinc\u00f3n de la Victoria-Estepona-Mijas Costa<\/li>\n<li><strong>THURSDAY:<\/strong>\u00a0Frigiliana \u2013 Torre del Mar \u2013 V\u00e9lez M\u00e1laga-Torremolinos-San Pedro de Alc\u00e1ntara<\/li>\n<li><strong>FRIDAY:<\/strong>\u00a0Motril \u2013 Almu\u00f1\u00e9car \u2013 La Cala del Moral \u2013 Salobre\u00f1a -Benalm\u00e1dena<\/li>\n<li><strong>SATURDAY:<\/strong>\u00a0Caleta de V\u00e9lez \u2013 C\u00f3mpeta-Puerto Ban\u00fas-Mijas Costa-Fuengirola<\/li>\n<li><strong>SUNDAY:<\/strong>\u00a0M\u00e1laga (Where they hold the fair)<\/li>\n<li><\/li>\n<\/ul>\n<p>[\/vc_column_text][vc_empty_space height=&#8221;20px&#8221;][vc_single_image image=&#8221;71&#8243; img_size=&#8221;full&#8221; add_caption=&#8221;yes&#8221; alignment=&#8221;center&#8221; onclick=&#8221;link_image&#8221; qode_css_animation=&#8221;&#8221;][vc_empty_space][vc_column_text]If you wish to read a little bit more about the Nerja market, click here:\u00a0<a href=\"http:\/\/www.mercadillosemanal.com\/en.malaga\/mercadillo-de-nerja\">enlace<\/a>[\/vc_column_text][vc_empty_space height=&#8221;50px&#8221;][\/vc_column][\/vc_row]<\/p>\n\n\n<div class=\"kk-star-ratings kksr-auto kksr-align-left kksr-valign-bottom\"\n    data-payload='{&quot;align&quot;:&quot;left&quot;,&quot;id&quot;:&quot;452&quot;,&quot;slug&quot;:&quot;default&quot;,&quot;valign&quot;:&quot;bottom&quot;,&quot;ignore&quot;:&quot;&quot;,&quot;reference&quot;:&quot;auto&quot;,&quot;class&quot;:&quot;&quot;,&quot;count&quot;:&quot;84&quot;,&quot;legendonly&quot;:&quot;&quot;,&quot;readonly&quot;:&quot;&quot;,&quot;score&quot;:&quot;3.1&quot;,&quot;starsonly&quot;:&quot;&quot;,&quot;best&quot;:&quot;5&quot;,&quot;gap&quot;:&quot;5&quot;,&quot;greet&quot;:&quot;Rate this page&quot;,&quot;legend&quot;:&quot;3.1\\\/5 - (84 votes)&quot;,&quot;size&quot;:&quot;24&quot;,&quot;title&quot;:&quot;Nerja Market and Car Boot Sale&quot;,&quot;width&quot;:&quot;87.4&quot;,&quot;_legend&quot;:&quot;{score}\\\/{best} - ({count} {votes})&quot;,&quot;font_factor&quot;:&quot;1.25&quot;}'>\n            \n<div class=\"kksr-stars\">\n    \n<div class=\"kksr-stars-inactive\">\n            <div class=\"kksr-star\" data-star=\"1\" style=\"padding-right: 5px\">\n            \n\n<div class=\"kksr-icon\" style=\"width: 24px; height: 24px;\"><\/div>\n        <\/div>\n            <div class=\"kksr-star\" data-star=\"2\" style=\"padding-right: 5px\">\n            \n\n<div class=\"kksr-icon\" style=\"width: 24px; height: 24px;\"><\/div>\n        <\/div>\n            <div class=\"kksr-star\" data-star=\"3\" style=\"padding-right: 5px\">\n            \n\n<div class=\"kksr-icon\" style=\"width: 24px; height: 24px;\"><\/div>\n        <\/div>\n            <div class=\"kksr-star\" data-star=\"4\" style=\"padding-right: 5px\">\n            \n\n<div class=\"kksr-icon\" style=\"width: 24px; height: 24px;\"><\/div>\n        <\/div>\n            <div class=\"kksr-star\" data-star=\"5\" style=\"padding-right: 5px\">\n            \n\n<div class=\"kksr-icon\" style=\"width: 24px; height: 24px;\"><\/div>\n        <\/div>\n    <\/div>\n    \n<div class=\"kksr-stars-active\" style=\"width: 87.4px;\">\n            <div class=\"kksr-star\" style=\"padding-right: 5px\">\n            \n\n<div class=\"kksr-icon\" style=\"width: 24px; height: 24px;\"><\/div>\n        <\/div>\n            <div class=\"kksr-star\" style=\"padding-right: 5px\">\n            \n\n<div class=\"kksr-icon\" style=\"width: 24px; height: 24px;\"><\/div>\n        <\/div>\n            <div class=\"kksr-star\" style=\"padding-right: 5px\">\n            \n\n<div class=\"kksr-icon\" style=\"width: 24px; height: 24px;\"><\/div>\n        <\/div>\n            <div class=\"kksr-star\" style=\"padding-right: 5px\">\n            \n\n<div class=\"kksr-icon\" style=\"width: 24px; height: 24px;\"><\/div>\n        <\/div>\n            <div class=\"kksr-star\" style=\"padding-right: 5px\">\n            \n\n<div class=\"kksr-icon\" style=\"width: 24px; height: 24px;\"><\/div>\n        <\/div>\n    <\/div>\n<\/div>\n                \n\n<div class=\"kksr-legend\" style=\"font-size: 19.2px;\">\n            3.1\/5 - (84 votes)    <\/div>\n    <\/div>\n<\/div>","protected":false},"excerpt":{"rendered":"<p>[vc_row css_animation=&#8221;&#8221; row_type=&#8221;row&#8221; use_row_as_full_screen_section=&#8221;no&#8221; type=&#8221;full_width&#8221; angled_section=&#8221;no&#8221; text_align=&#8221;left&#8221; background_image_as_pattern=&#8221;without_pattern&#8221;][vc_column][vc_column_text]The\u00a0Nerja market\u00a0is held every\u00a0Tuesday\u00a0of the year, except on holidays. It is an open-air market where all the merchants exhibit their products on spacious stalls. It\u2019s quite surprising how the\u00a0merchants\u00a0shout out their offers and make themselves noticed in between&#8230;<\/p>\n","protected":false},"author":2,"featured_media":66,"parent":0,"menu_order":0,"comment_status":"closed","ping_status":"closed","template":"","meta":{"_mc_calendar":[],"footnotes":""},"class_list":["post-452","page","type-page","status-publish","has-post-thumbnail","hentry"],"yoast_head":"<!-- This site is optimized with the Yoast SEO plugin v27.5 - https:\/\/yoast.com\/product\/yoast-seo-wordpress\/ -->\n<title>Nerja Market, every Tuesday and Car Boot on Sunday<\/title>\n<meta name=\"description\" content=\"The Nerja Market and Car Boot are full of fresh produce, clothes and antiques week after week. How to get there..\" \/>\n<meta name=\"robots\" content=\"index, follow, max-snippet:-1, max-image-preview:large, max-video-preview:-1\" \/>\n<link rel=\"canonical\" href=\"https:\/\/www.nerja-turismo.com\/en\/market\/\" \/>\n<meta property=\"og:locale\" content=\"en_US\" \/>\n<meta property=\"og:type\" content=\"article\" \/>\n<meta property=\"og:title\" content=\"Nerja Market, every Tuesday and Car Boot on Sunday\" \/>\n<meta property=\"og:description\" content=\"The Nerja Market and Car Boot are full of fresh produce, clothes and antiques week after week. How to get there..\" \/>\n<meta property=\"og:url\" content=\"https:\/\/www.nerja-turismo.com\/en\/market\/\" \/>\n<meta property=\"og:site_name\" content=\"Nerja Turismo\" \/>\n<meta property=\"article:publisher\" content=\"https:\/\/www.facebook.com\/nerjaturismo\" \/>\n<meta property=\"article:modified_time\" content=\"2019-01-10T14:29:18+00:00\" \/>\n<meta property=\"og:image\" content=\"https:\/\/www.nerja-turismo.com\/wp-content\/uploads\/2018\/02\/Nerja-Turismo-Mercadillo-Nerja.jpg\" \/>\n\t<meta property=\"og:image:width\" content=\"800\" \/>\n\t<meta property=\"og:image:height\" content=\"600\" \/>\n\t<meta property=\"og:image:type\" content=\"image\/jpeg\" \/>\n<meta name=\"twitter:card\" content=\"summary_large_image\" \/>\n<meta name=\"twitter:site\" content=\"@turismonerja\" \/>\n<meta name=\"twitter:label1\" content=\"Est. reading time\" \/>\n\t<meta name=\"twitter:data1\" content=\"5 minutes\" \/>\n<script type=\"application\/ld+json\" class=\"yoast-schema-graph\">{\"@context\":\"https:\\\/\\\/schema.org\",\"@graph\":[{\"@type\":\"WebPage\",\"@id\":\"https:\\\/\\\/www.nerja-turismo.com\\\/en\\\/market\\\/\",\"url\":\"https:\\\/\\\/www.nerja-turismo.com\\\/en\\\/market\\\/\",\"name\":\"Nerja Market, every Tuesday and Car Boot on Sunday\",\"isPartOf\":{\"@id\":\"https:\\\/\\\/www.nerja-turismo.com\\\/#website\"},\"primaryImageOfPage\":{\"@id\":\"https:\\\/\\\/www.nerja-turismo.com\\\/en\\\/market\\\/#primaryimage\"},\"image\":{\"@id\":\"https:\\\/\\\/www.nerja-turismo.com\\\/en\\\/market\\\/#primaryimage\"},\"thumbnailUrl\":\"https:\\\/\\\/www.nerja-turismo.com\\\/wp-content\\\/uploads\\\/2018\\\/02\\\/Nerja-Turismo-Mercadillo-Nerja.jpg\",\"datePublished\":\"2018-02-28T23:08:31+00:00\",\"dateModified\":\"2019-01-10T14:29:18+00:00\",\"description\":\"The Nerja Market and Car Boot are full of fresh produce, clothes and antiques week after week. How to get there..\",\"breadcrumb\":{\"@id\":\"https:\\\/\\\/www.nerja-turismo.com\\\/en\\\/market\\\/#breadcrumb\"},\"inLanguage\":\"en-US\",\"potentialAction\":[{\"@type\":\"ReadAction\",\"target\":[\"https:\\\/\\\/www.nerja-turismo.com\\\/en\\\/market\\\/\"]}]},{\"@type\":\"ImageObject\",\"inLanguage\":\"en-US\",\"@id\":\"https:\\\/\\\/www.nerja-turismo.com\\\/en\\\/market\\\/#primaryimage\",\"url\":\"https:\\\/\\\/www.nerja-turismo.com\\\/wp-content\\\/uploads\\\/2018\\\/02\\\/Nerja-Turismo-Mercadillo-Nerja.jpg\",\"contentUrl\":\"https:\\\/\\\/www.nerja-turismo.com\\\/wp-content\\\/uploads\\\/2018\\\/02\\\/Nerja-Turismo-Mercadillo-Nerja.jpg\",\"width\":800,\"height\":600,\"caption\":\"Nerja Turismo - Mercadillo Nerja\"},{\"@type\":\"BreadcrumbList\",\"@id\":\"https:\\\/\\\/www.nerja-turismo.com\\\/en\\\/market\\\/#breadcrumb\",\"itemListElement\":[{\"@type\":\"ListItem\",\"position\":1,\"name\":\"Portada\",\"item\":\"https:\\\/\\\/www.nerja-turismo.com\\\/en\\\/\"},{\"@type\":\"ListItem\",\"position\":2,\"name\":\"Nerja Market and Car Boot Sale\"}]},{\"@type\":\"WebSite\",\"@id\":\"https:\\\/\\\/www.nerja-turismo.com\\\/#website\",\"url\":\"https:\\\/\\\/www.nerja-turismo.com\\\/\",\"name\":\"Nerja Turismo\",\"description\":\"El paraiso de la Axarkia\",\"publisher\":{\"@id\":\"https:\\\/\\\/www.nerja-turismo.com\\\/#organization\"},\"potentialAction\":[{\"@type\":\"SearchAction\",\"target\":{\"@type\":\"EntryPoint\",\"urlTemplate\":\"https:\\\/\\\/www.nerja-turismo.com\\\/?s={search_term_string}\"},\"query-input\":{\"@type\":\"PropertyValueSpecification\",\"valueRequired\":true,\"valueName\":\"search_term_string\"}}],\"inLanguage\":\"en-US\"},{\"@type\":\"Organization\",\"@id\":\"https:\\\/\\\/www.nerja-turismo.com\\\/#organization\",\"name\":\"Nerja-Turismo\",\"url\":\"https:\\\/\\\/www.nerja-turismo.com\\\/\",\"logo\":{\"@type\":\"ImageObject\",\"inLanguage\":\"en-US\",\"@id\":\"https:\\\/\\\/www.nerja-turismo.com\\\/#\\\/schema\\\/logo\\\/image\\\/\",\"url\":\"https:\\\/\\\/www.nerja-turismo.com\\\/wp-content\\\/uploads\\\/2018\\\/03\\\/logo-cuadrado.jpg\",\"contentUrl\":\"https:\\\/\\\/www.nerja-turismo.com\\\/wp-content\\\/uploads\\\/2018\\\/03\\\/logo-cuadrado.jpg\",\"width\":1701,\"height\":1701,\"caption\":\"Nerja-Turismo\"},\"image\":{\"@id\":\"https:\\\/\\\/www.nerja-turismo.com\\\/#\\\/schema\\\/logo\\\/image\\\/\"},\"sameAs\":[\"https:\\\/\\\/www.facebook.com\\\/nerjaturismo\",\"https:\\\/\\\/x.com\\\/turismonerja\",\"https:\\\/\\\/www.instagram.com\\\/nerjaturismo\\\/\",\"https:\\\/\\\/www.youtube.com\\\/channel\\\/UCPPlJnUeC3T7-aRpjufrxLQ\"]}]}<\/script>\n<!-- \/ Yoast SEO plugin. -->","yoast_head_json":{"title":"Nerja Market, every Tuesday and Car Boot on Sunday","description":"The Nerja Market and Car Boot are full of fresh produce, clothes and antiques week after week. How to get there..","robots":{"index":"index","follow":"follow","max-snippet":"max-snippet:-1","max-image-preview":"max-image-preview:large","max-video-preview":"max-video-preview:-1"},"canonical":"https:\/\/www.nerja-turismo.com\/en\/market\/","og_locale":"en_US","og_type":"article","og_title":"Nerja Market, every Tuesday and Car Boot on Sunday","og_description":"The Nerja Market and Car Boot are full of fresh produce, clothes and antiques week after week. How to get there..","og_url":"https:\/\/www.nerja-turismo.com\/en\/market\/","og_site_name":"Nerja Turismo","article_publisher":"https:\/\/www.facebook.com\/nerjaturismo","article_modified_time":"2019-01-10T14:29:18+00:00","og_image":[{"width":800,"height":600,"url":"https:\/\/www.nerja-turismo.com\/wp-content\/uploads\/2018\/02\/Nerja-Turismo-Mercadillo-Nerja.jpg","type":"image\/jpeg"}],"twitter_card":"summary_large_image","twitter_site":"@turismonerja","twitter_misc":{"Est. reading time":"5 minutes"},"schema":{"@context":"https:\/\/schema.org","@graph":[{"@type":"WebPage","@id":"https:\/\/www.nerja-turismo.com\/en\/market\/","url":"https:\/\/www.nerja-turismo.com\/en\/market\/","name":"Nerja Market, every Tuesday and Car Boot on Sunday","isPartOf":{"@id":"https:\/\/www.nerja-turismo.com\/#website"},"primaryImageOfPage":{"@id":"https:\/\/www.nerja-turismo.com\/en\/market\/#primaryimage"},"image":{"@id":"https:\/\/www.nerja-turismo.com\/en\/market\/#primaryimage"},"thumbnailUrl":"https:\/\/www.nerja-turismo.com\/wp-content\/uploads\/2018\/02\/Nerja-Turismo-Mercadillo-Nerja.jpg","datePublished":"2018-02-28T23:08:31+00:00","dateModified":"2019-01-10T14:29:18+00:00","description":"The Nerja Market and Car Boot are full of fresh produce, clothes and antiques week after week. How to get there..","breadcrumb":{"@id":"https:\/\/www.nerja-turismo.com\/en\/market\/#breadcrumb"},"inLanguage":"en-US","potentialAction":[{"@type":"ReadAction","target":["https:\/\/www.nerja-turismo.com\/en\/market\/"]}]},{"@type":"ImageObject","inLanguage":"en-US","@id":"https:\/\/www.nerja-turismo.com\/en\/market\/#primaryimage","url":"https:\/\/www.nerja-turismo.com\/wp-content\/uploads\/2018\/02\/Nerja-Turismo-Mercadillo-Nerja.jpg","contentUrl":"https:\/\/www.nerja-turismo.com\/wp-content\/uploads\/2018\/02\/Nerja-Turismo-Mercadillo-Nerja.jpg","width":800,"height":600,"caption":"Nerja Turismo - Mercadillo Nerja"},{"@type":"BreadcrumbList","@id":"https:\/\/www.nerja-turismo.com\/en\/market\/#breadcrumb","itemListElement":[{"@type":"ListItem","position":1,"name":"Portada","item":"https:\/\/www.nerja-turismo.com\/en\/"},{"@type":"ListItem","position":2,"name":"Nerja Market and Car Boot Sale"}]},{"@type":"WebSite","@id":"https:\/\/www.nerja-turismo.com\/#website","url":"https:\/\/www.nerja-turismo.com\/","name":"Nerja Turismo","description":"El paraiso de la Axarkia","publisher":{"@id":"https:\/\/www.nerja-turismo.com\/#organization"},"potentialAction":[{"@type":"SearchAction","target":{"@type":"EntryPoint","urlTemplate":"https:\/\/www.nerja-turismo.com\/?s={search_term_string}"},"query-input":{"@type":"PropertyValueSpecification","valueRequired":true,"valueName":"search_term_string"}}],"inLanguage":"en-US"},{"@type":"Organization","@id":"https:\/\/www.nerja-turismo.com\/#organization","name":"Nerja-Turismo","url":"https:\/\/www.nerja-turismo.com\/","logo":{"@type":"ImageObject","inLanguage":"en-US","@id":"https:\/\/www.nerja-turismo.com\/#\/schema\/logo\/image\/","url":"https:\/\/www.nerja-turismo.com\/wp-content\/uploads\/2018\/03\/logo-cuadrado.jpg","contentUrl":"https:\/\/www.nerja-turismo.com\/wp-content\/uploads\/2018\/03\/logo-cuadrado.jpg","width":1701,"height":1701,"caption":"Nerja-Turismo"},"image":{"@id":"https:\/\/www.nerja-turismo.com\/#\/schema\/logo\/image\/"},"sameAs":["https:\/\/www.facebook.com\/nerjaturismo","https:\/\/x.com\/turismonerja","https:\/\/www.instagram.com\/nerjaturismo\/","https:\/\/www.youtube.com\/channel\/UCPPlJnUeC3T7-aRpjufrxLQ"]}]}},"_links":{"self":[{"href":"https:\/\/www.nerja-turismo.com\/en\/wp-json\/wp\/v2\/pages\/452","targetHints":{"allow":["GET"]}}],"collection":[{"href":"https:\/\/www.nerja-turismo.com\/en\/wp-json\/wp\/v2\/pages"}],"about":[{"href":"https:\/\/www.nerja-turismo.com\/en\/wp-json\/wp\/v2\/types\/page"}],"author":[{"embeddable":true,"href":"https:\/\/www.nerja-turismo.com\/en\/wp-json\/wp\/v2\/users\/2"}],"replies":[{"embeddable":true,"href":"https:\/\/www.nerja-turismo.com\/en\/wp-json\/wp\/v2\/comments?post=452"}],"version-history":[{"count":1,"href":"https:\/\/www.nerja-turismo.com\/en\/wp-json\/wp\/v2\/pages\/452\/revisions"}],"predecessor-version":[{"id":1440,"href":"https:\/\/www.nerja-turismo.com\/en\/wp-json\/wp\/v2\/pages\/452\/revisions\/1440"}],"wp:featuredmedia":[{"embeddable":true,"href":"https:\/\/www.nerja-turismo.com\/en\/wp-json\/wp\/v2\/media\/66"}],"wp:attachment":[{"href":"https:\/\/www.nerja-turismo.com\/en\/wp-json\/wp\/v2\/media?parent=452"}],"curies":[{"name":"wp","href":"https:\/\/api.w.org\/{rel}","templated":true}]}}