{"id":443,"date":"2018-03-03T18:42:19","date_gmt":"2018-03-03T18:42:19","guid":{"rendered":"https:\/\/www.nerja-turismo.com\/balcon-de-europa\/"},"modified":"2018-03-12T12:30:05","modified_gmt":"2018-03-12T12:30:05","slug":"balcony-of-europe","status":"publish","type":"page","link":"https:\/\/www.nerja-turismo.com\/en\/balcony-of-europe\/","title":{"rendered":"The Balcony of Europe (Balc\u00f3n de Europa)"},"content":{"rendered":"<div class=\"wpb-content-wrapper\"><p>[vc_row css_animation=&#8221;&#8221; row_type=&#8221;row&#8221; use_row_as_full_screen_section=&#8221;no&#8221; type=&#8221;full_width&#8221; angled_section=&#8221;no&#8221; text_align=&#8221;left&#8221; background_image_as_pattern=&#8221;without_pattern&#8221;][vc_column][vc_column_text]As some of you may already know, the\u00a0<strong>Balc\u00f3n de Europa<\/strong>\u00a0is a gorgeous\u00a0<strong>balcony<\/strong>\u00a0from where you can look over the Mediterranean sea. It\u2019s one of the most popular places in Andaluc\u00eda, a spot for the perfect photo of the sea, or a photo with the statue of the late king Alfonso XII who actually named this balcony after the big earthquake that hit\u00a0<strong><a href=\"https:\/\/www.nerja-turismo.com\/en\/\">Nerja<\/a><\/strong>\u00a0in 1884. Back in those days here stood a watch out fort called \u201cPaseo de la Bater\u00eda\u201d and the king shouted,fa \u201cthis is the\u00a0<strong>Balc\u00f3n de Europa<\/strong>\u201d.<\/p>\n<p>The\u00a0<strong>Balc\u00f3n de Europa<\/strong>\u00a0is quite charming and all the tourists who visit\u00a0<strong>Nerja<\/strong>\u00a0will visit this balcony. Here you can take a stroll and also watch numerous artists (musicians, painters, jugglers) do their thing. Because it\u2019s in the center of Nerja it\u2019s a great spot to meet your friends or family and have an ice cream on one of the benches or in one of the many bars that surround this balcony.<\/p>\n<p>This is one of those places you just can\u2019t miss when you are staying in\u00a0<strong>Nerja<\/strong>. It will become one of your favorite spots here in Nerja.[\/vc_column_text][vc_empty_space][vc_single_image image=&#8221;272&#8243; img_size=&#8221;large&#8221; add_caption=&#8221;yes&#8221; alignment=&#8221;center&#8221; onclick=&#8221;link_image&#8221; qode_css_animation=&#8221;&#8221;][vc_empty_space][vc_row_inner row_type=&#8221;row&#8221; type=&#8221;full_width&#8221; text_align=&#8221;left&#8221; css_animation=&#8221;&#8221;][vc_column_inner width=&#8221;1\/3&#8243;][\/vc_column_inner][vc_column_inner width=&#8221;1\/3&#8243;][vc_raw_html]JTNDaW5zJTIwY2xhc3MlM0QlMjJib29raW5nYWZmJTIyJTIwZGF0YS1haWQlM0QlMjIxNDQzNTE4JTIyJTIwZGF0YS10YXJnZXRfYWlkJTNEJTIyMTIzMzcxOSUyMiUyMGRhdGEtcHJvZCUzRCUyMmRmbDIlMjIlMjBkYXRhLXdpZHRoJTNEJTIyMTAwJTI1JTIyJTIwZGF0YS1oZWlnaHQlM0QlMjJhdXRvJTIyJTIwZGF0YS1sYW5nJTNEJTIyZXMlMjIlMjBkYXRhLWN1cnJlbmN5JTNEJTIyRVVSJTIyJTIwZGF0YS1kZXN0X2lkJTNEJTIyLTM5Mzk4NSUyMiUyMGRhdGEtZGVzdF90eXBlJTNEJTIyY2l0eSUyMiUyMGRhdGEtZGZfbnVtX3Byb3BlcnRpZXMlM0QlMjIzJTIyJTNFJTBBJTIwJTIwJTIwJTIwJTNDJTIxLS0lMjBBbnl0aGluZyUyMGluc2lkZSUyMHdpbGwlMjBnbyUyMGF3YXklMjBvbmNlJTIwd2lkZ2V0JTIwaXMlMjBsb2FkZWQuJTIwLS0lM0UlMEElMjAlMjAlMjAlMjAlM0NhJTIwaHJlZiUzRCUyMiUyRiUyRnd3dy5ib29raW5nLmNvbSUzRmFpZCUzRDEyMzM3MTklMjIlM0VCb29raW5nLmNvbSUzQyUyRmElM0UlMEElM0MlMkZpbnMlM0UlMEElM0NzY3JpcHQlMjB0eXBlJTNEJTIydGV4dCUyRmphdmFzY3JpcHQlMjIlM0UlMEElMjAlMjAlMjAlMjAlMjhmdW5jdGlvbiUyOGQlMkMlMjBzYyUyQyUyMHUlMjklMjAlN0IlMEElMjAlMjAlMjAlMjAlMjAlMjB2YXIlMjBzJTIwJTNEJTIwZC5jcmVhdGVFbGVtZW50JTI4c2MlMjklMkMlMjBwJTIwJTNEJTIwZC5nZXRFbGVtZW50c0J5VGFnTmFtZSUyOHNjJTI5JTVCMCU1RCUzQiUwQSUyMCUyMCUyMCUyMCUyMCUyMHMudHlwZSUyMCUzRCUyMCUyN3RleHQlMkZqYXZhc2NyaXB0JTI3JTNCJTBBJTIwJTIwJTIwJTIwJTIwJTIwcy5hc3luYyUyMCUzRCUyMHRydWUlM0IlMEElMjAlMjAlMjAlMjAlMjAlMjBzLnNyYyUyMCUzRCUyMHUlMjAlMkIlMjAlMjclM0Z2JTNEJTI3JTIwJTJCJTIwJTI4JTJCbmV3JTIwRGF0ZSUyOCUyOSUyOSUzQiUwQSUyMCUyMCUyMCUyMCUyMCUyMHAucGFyZW50Tm9kZS5pbnNlcnRCZWZvcmUlMjhzJTJDcCUyOSUzQiUwQSUyMCUyMCUyMCUyMCUyMCUyMCU3RCUyOSUyOGRvY3VtZW50JTJDJTIwJTI3c2NyaXB0JTI3JTJDJTIwJTI3JTJGJTJGYWZmLmJzdGF0aWMuY29tJTJGc3RhdGljJTJGYWZmaWxpYXRlX2Jhc2UlMkZqcyUyRmZsZXhpcHJvZHVjdC5qcyUyNyUyOSUzQiUwQSUzQyUyRnNjcmlwdCUzRQ==[\/vc_raw_html][\/vc_column_inner][vc_column_inner width=&#8221;1\/3&#8243;][\/vc_column_inner][\/vc_row_inner][vc_empty_space height=&#8221;50px&#8221;][vc_column_text]<\/p>\n<h2><span id=\"Photos-of-the-Balcon-de-Europa\">Photos of the Balc\u00f3n de Europa<\/span><\/h2>\n<p>[\/vc_column_text][vc_row_inner row_type=&#8221;row&#8221; type=&#8221;full_width&#8221; text_align=&#8221;left&#8221; css_animation=&#8221;&#8221;][vc_column_inner width=&#8221;1\/4&#8243;][vc_empty_space][vc_single_image image=&#8221;278&#8243; img_size=&#8221;medium&#8221; alignment=&#8221;center&#8221; onclick=&#8221;link_image&#8221; qode_css_animation=&#8221;&#8221;][\/vc_column_inner][vc_column_inner width=&#8221;1\/4&#8243;][vc_empty_space][vc_single_image image=&#8221;277&#8243; img_size=&#8221;medium&#8221; alignment=&#8221;center&#8221; onclick=&#8221;link_image&#8221; qode_css_animation=&#8221;&#8221;][\/vc_column_inner][vc_column_inner width=&#8221;1\/4&#8243;][vc_empty_space][vc_single_image image=&#8221;279&#8243; img_size=&#8221;medium&#8221; alignment=&#8221;center&#8221; onclick=&#8221;link_image&#8221; qode_css_animation=&#8221;&#8221;][\/vc_column_inner][vc_column_inner width=&#8221;1\/4&#8243;][vc_empty_space][vc_single_image image=&#8221;276&#8243; img_size=&#8221;medium&#8221; alignment=&#8221;center&#8221; onclick=&#8221;link_image&#8221; qode_css_animation=&#8221;&#8221;][\/vc_column_inner][\/vc_row_inner][vc_empty_space height=&#8221;50px&#8221;][vc_column_text]<\/p>\n<h2>Beaches of the Balc\u00f3n de Europa<\/h2>\n<p>[\/vc_column_text][vc_empty_space][vc_column_text]The\u00a0<strong>Balc\u00f3n de Europa<\/strong>\u00a0finds itself surrounded by two of the most well-known beaches in Nerja. These\u00a0<a href=\"https:\/\/www.nerja-turismo.com\/en\/beaches\/\"><strong>beaches<\/strong><\/a>\u00a0are Calahonda to your left and Caletilla to your right, which also goes by the name of \u201cThe hotel\u2019s beach\u201d. These beaches are also well-known in the whole Axarqu\u00eda area.<\/p>\n<p>The beaches are perfect to spend the day on, especially if your accommodation is quite central or if you are just visiting Nerja for one day and want to have a quick swim after your long day walking round.<\/p>\n<p>Also, if you go to\u00a0<strong><a href=\"https:\/\/www.nerja-turismo.com\/en\/calahonda-beach\/\">Calahonda<\/a><\/strong>\u00a0and walk around the rocks you can get to a good amount of other beaches. You can even walk to\u00a0<strong><a href=\"https:\/\/www.nerja-turismo.com\/en\/beaches\/burriana\/\">Burriana<\/a><\/strong>\u00a0beach where you can rent a kayak and visit the\u00a0<a href=\"https:\/\/www.nerja-turismo.com\/en\/maro-beach\/\"><strong>Maro<\/strong><\/a>\u00a0cliffs, they are worth the time and effort![\/vc_column_text][vc_empty_space][vc_single_image image=&#8221;270&#8243; img_size=&#8221;large&#8221; alignment=&#8221;center&#8221; onclick=&#8221;link_image&#8221; qode_css_animation=&#8221;&#8221;][vc_empty_space height=&#8221;50px&#8221;][vc_column_text]<\/p>\n<h2><span id=\"Balcon-de-Europa-Hotel\">Balc\u00f3n de Europa Hotel<\/span><\/h2>\n<p>[\/vc_column_text][vc_empty_space][vc_raw_html]JTNDaW5zJTIwY2xhc3MlM0QlMjJib29raW5nYWZmJTIyJTIwZGF0YS1haWQlM0QlMjIxNDQzNjE0JTIyJTIwZGF0YS10YXJnZXRfYWlkJTNEJTIyMTIzMzcxOSUyMiUyMGRhdGEtcHJvZCUzRCUyMnJ3JTIyJTIwZGF0YS13aWR0aCUzRCUyMjAlMjIlMjBkYXRhLWhlaWdodCUzRCUyMjAlMjIlMjBkYXRhLWxhbmclM0QlMjJlcyUyMiUyMGRhdGEtc2hvd19yd19sb2dvJTNEJTIyMSUyMiUyMGRhdGEtc2hvd19yd19iYWRnZSUzRCUyMjElMjIlMjBkYXRhLXNob3dfcndfdGV4dCUzRCUyMjElMjIlMjBkYXRhLXJpZ2h0X2FsaWduX3J3JTNEJTIyMSUyMiUyMGRhdGEtaGlkJTNEJTIyMTg5NjM4JTIyJTNFJTBBJTIwJTIwJTIwJTIwJTNDJTIxLS0lMjBBbnl0aGluZyUyMGluc2lkZSUyMHdpbGwlMjBnbyUyMGF3YXklMjBvbmNlJTIwd2lkZ2V0JTIwaXMlMjBsb2FkZWQuJTIwLS0lM0UlMEElMjAlMjAlMjAlMjAlM0NhJTIwaHJlZiUzRCUyMiUyRiUyRnd3dy5ib29raW5nLmNvbSUzRmFpZCUzRDEyMzM3MTklMjIlM0VCb29raW5nLmNvbSUzQyUyRmElM0UlMEElM0MlMkZpbnMlM0UlMEElM0NzY3JpcHQlMjB0eXBlJTNEJTIydGV4dCUyRmphdmFzY3JpcHQlMjIlM0UlMEElMjAlMjAlMjAlMjAlMjhmdW5jdGlvbiUyOGQlMkMlMjBzYyUyQyUyMHUlMjklMjAlN0IlMEElMjAlMjAlMjAlMjAlMjAlMjB2YXIlMjBzJTIwJTNEJTIwZC5jcmVhdGVFbGVtZW50JTI4c2MlMjklMkMlMjBwJTIwJTNEJTIwZC5nZXRFbGVtZW50c0J5VGFnTmFtZSUyOHNjJTI5JTVCMCU1RCUzQiUwQSUyMCUyMCUyMCUyMCUyMCUyMHMudHlwZSUyMCUzRCUyMCUyN3RleHQlMkZqYXZhc2NyaXB0JTI3JTNCJTBBJTIwJTIwJTIwJTIwJTIwJTIwcy5hc3luYyUyMCUzRCUyMHRydWUlM0IlMEElMjAlMjAlMjAlMjAlMjAlMjBzLnNyYyUyMCUzRCUyMHUlMjAlMkIlMjAlMjclM0Z2JTNEJTI3JTIwJTJCJTIwJTI4JTJCbmV3JTIwRGF0ZSUyOCUyOSUyOSUzQiUwQSUyMCUyMCUyMCUyMCUyMCUyMHAucGFyZW50Tm9kZS5pbnNlcnRCZWZvcmUlMjhzJTJDcCUyOSUzQiUwQSUyMCUyMCUyMCUyMCUyMCUyMCU3RCUyOSUyOGRvY3VtZW50JTJDJTIwJTI3c2NyaXB0JTI3JTJDJTIwJTI3JTJGJTJGYWZmLmJzdGF0aWMuY29tJTJGc3RhdGljJTJGYWZmaWxpYXRlX2Jhc2UlMkZqcyUyRmZsZXhpcHJvZHVjdC5qcyUyNyUyOSUzQiUwQSUzQyUyRnNjcmlwdCUzRQ==[\/vc_raw_html][vc_empty_space height=&#8221;20px&#8221;][vc_column_text]A gorgeous 4-star hotel, the most central of all\u00a0<strong>hotels in Nerja<\/strong>. In the hotel\u2019s rooms, you can enjoy stunning sea views and also look at the beach (Caletilla Beach) that is literally just behind the hotel. Because this is a high-end hotel you can enjoy an excellent room service, swim in their swimming pool and enjoy something to eat and drink in their bar. Also, you will be having breakfast while looking over the Mediterranean, hard to beat. They have two types of suites, double and single rooms.[\/vc_column_text][vc_empty_space][vc_column_text]<\/p>\n<h3>Rooms<\/h3>\n<p>[\/vc_column_text][vc_empty_space][vc_column_text]<\/p>\n<ul>\n<li>Single Room<\/li>\n<li>Standard Double Room without a balcony or sea views<\/li>\n<li>Double Room with a balcony and sea views<\/li>\n<li>Junior Suite with a balcony and sea views<\/li>\n<li>Junior Suite Deluxe with a balcony, sea views and also a jacuzzi<\/li>\n<\/ul>\n<p>The hotel also has a popular restaurant called \u201cEl N\u00e1utico\u201d, which has an excellent score on\u00a0<a href=\"https:\/\/www.tripadvisor.es\/Restaurant_Review-g315917-d5994211-Reviews-Restaurante_El_Nautico-Nerja_Costa_del_Sol_Province_of_Malaga_Andalucia.html\" rel=\"nofollow\">Tripadvisor<\/a>. The reviews are quite good so book your table and prepare to enjoy their lovely food.[\/vc_column_text][vc_empty_space][vc_single_image image=&#8221;271&#8243; img_size=&#8221;large&#8221; alignment=&#8221;center&#8221; onclick=&#8221;link_image&#8221; qode_css_animation=&#8221;&#8221;][vc_empty_space height=&#8221;50px&#8221;][vc_column_text]<\/p>\n<h2><span id=\"Restaurants-around-the-Balcon-de-Europa\">Restaurants around the Balc\u00f3n de Europa<\/span><\/h2>\n<p>[\/vc_column_text][vc_empty_space][vc_column_text]For those of you who are just strolling around the\u00a0<strong>Balc\u00f3n de Europa<\/strong>\u00a0I recommend the following restaurants. They are very close and of exceptional quality.<\/p>\n<p>If you are thinking of eating seafood then the restaurant \u201cPuerta del Mar\u201d should be your choice. The food there is excellent and they have a wide array of dishes to try. That said, the price is somewhat high.<\/p>\n<p>On Plaza Cavana (the little square behind the church) you can find the restaurant \u201cMar Bella\u201d, there they have an exceptional terrace with sea views.<br \/>\nIf you are just looking to have a cup of coffee and something light to eat then you should try one of the caf\u00e9s on the Balc\u00f3n square. I recommend either Kronox or Albi.<\/p>\n<p>I also have a list of restaurants in\u00a0<strong>Nerja<\/strong>, some of which you can find very close to the\u00a0<strong>Balc\u00f3n de Europa<\/strong>.[\/vc_column_text][vc_empty_space][vc_gmaps link=&#8221;#E-8_JTNDaWZyYW1lJTIwc3JjJTNEJTIyaHR0cHMlM0ElMkYlMkZ3d3cuZ29vZ2xlLmNvbSUyRm1hcHMlMkZlbWJlZCUzRnBiJTNEJTIxMW0xOCUyMTFtMTIlMjExbTMlMjExZDk0Ni4wODI4MzQyNjI4MTA4JTIxMmQtMy44NzYyOTYwMDc5NTAzMjQlMjEzZDM2Ljc0NDI5OTEzMTI3NzkzNCUyMTJtMyUyMTFmMCUyMTJmMCUyMTNmMCUyMTNtMiUyMTFpMTAyNCUyMTJpNzY4JTIxNGYxMy4xJTIxM20zJTIxMW0yJTIxMXMweDAlMjUzQTB4MWIwYWM5MjM1Y2Y5NjRhNCUyMTJzQmFsY29uJTJCRGUlMkJFdXJvcGElMjE1ZTAlMjEzbTIlMjExc2VzJTIxMnNlcyUyMTR2MTQ3Mzk2MzM1MzIxNyUyMiUyMHdpZHRoJTNEJTIyNTYwJTIyJTIwaGVpZ2h0JTNEJTIyNDUwJTIyJTIwZnJhbWVib3JkZXIlM0QlMjIwJTIyJTIwc3R5bGUlM0QlMjJib3JkZXIlM0EwJTIyJTIwYWxsb3dmdWxsc2NyZWVuJTNFJTNDJTJGaWZyYW1lJTNF&#8221;][vc_empty_space][vc_column_text]While you are in Nerja I also recommend that you visit some of the towns that are close:<\/p>\n<ul>\n<li><a href=\"https:\/\/www.nerja-turismo.com\/frigiliana\/\">Frigiliana<\/a><\/li>\n<li>Maro<\/li>\n<li>M\u00e1laga<\/li>\n<\/ul>\n<p>[\/vc_column_text][vc_empty_space height=&#8221;50px&#8221;][\/vc_column][\/vc_row]<\/p>\n\n\n<div class=\"kk-star-ratings kksr-auto kksr-align-left kksr-valign-bottom\"\n    data-payload='{&quot;align&quot;:&quot;left&quot;,&quot;id&quot;:&quot;443&quot;,&quot;slug&quot;:&quot;default&quot;,&quot;valign&quot;:&quot;bottom&quot;,&quot;ignore&quot;:&quot;&quot;,&quot;reference&quot;:&quot;auto&quot;,&quot;class&quot;:&quot;&quot;,&quot;count&quot;:&quot;22&quot;,&quot;legendonly&quot;:&quot;&quot;,&quot;readonly&quot;:&quot;&quot;,&quot;score&quot;:&quot;3.7&quot;,&quot;starsonly&quot;:&quot;&quot;,&quot;best&quot;:&quot;5&quot;,&quot;gap&quot;:&quot;5&quot;,&quot;greet&quot;:&quot;Rate this page&quot;,&quot;legend&quot;:&quot;3.7\\\/5 - (22 votes)&quot;,&quot;size&quot;:&quot;24&quot;,&quot;title&quot;:&quot;The Balcony of Europe (Balc\u00f3n de Europa)&quot;,&quot;width&quot;:&quot;104.8&quot;,&quot;_legend&quot;:&quot;{score}\\\/{best} - ({count} {votes})&quot;,&quot;font_factor&quot;:&quot;1.25&quot;}'>\n            \n<div class=\"kksr-stars\">\n    \n<div class=\"kksr-stars-inactive\">\n            <div class=\"kksr-star\" data-star=\"1\" style=\"padding-right: 5px\">\n            \n\n<div class=\"kksr-icon\" style=\"width: 24px; height: 24px;\"><\/div>\n        <\/div>\n            <div class=\"kksr-star\" data-star=\"2\" style=\"padding-right: 5px\">\n            \n\n<div class=\"kksr-icon\" style=\"width: 24px; height: 24px;\"><\/div>\n        <\/div>\n            <div class=\"kksr-star\" data-star=\"3\" style=\"padding-right: 5px\">\n            \n\n<div class=\"kksr-icon\" style=\"width: 24px; height: 24px;\"><\/div>\n        <\/div>\n            <div class=\"kksr-star\" data-star=\"4\" style=\"padding-right: 5px\">\n            \n\n<div class=\"kksr-icon\" style=\"width: 24px; height: 24px;\"><\/div>\n        <\/div>\n            <div class=\"kksr-star\" data-star=\"5\" style=\"padding-right: 5px\">\n            \n\n<div class=\"kksr-icon\" style=\"width: 24px; height: 24px;\"><\/div>\n        <\/div>\n    <\/div>\n    \n<div class=\"kksr-stars-active\" style=\"width: 104.8px;\">\n            <div class=\"kksr-star\" style=\"padding-right: 5px\">\n            \n\n<div class=\"kksr-icon\" style=\"width: 24px; height: 24px;\"><\/div>\n        <\/div>\n            <div class=\"kksr-star\" style=\"padding-right: 5px\">\n            \n\n<div class=\"kksr-icon\" style=\"width: 24px; height: 24px;\"><\/div>\n        <\/div>\n            <div class=\"kksr-star\" style=\"padding-right: 5px\">\n            \n\n<div class=\"kksr-icon\" style=\"width: 24px; height: 24px;\"><\/div>\n        <\/div>\n            <div class=\"kksr-star\" style=\"padding-right: 5px\">\n            \n\n<div class=\"kksr-icon\" style=\"width: 24px; height: 24px;\"><\/div>\n        <\/div>\n            <div class=\"kksr-star\" style=\"padding-right: 5px\">\n            \n\n<div class=\"kksr-icon\" style=\"width: 24px; height: 24px;\"><\/div>\n        <\/div>\n    <\/div>\n<\/div>\n                \n\n<div class=\"kksr-legend\" style=\"font-size: 19.2px;\">\n            3.7\/5 - (22 votes)    <\/div>\n    <\/div>\n<\/div>","protected":false},"excerpt":{"rendered":"<p>[vc_row css_animation=&#8221;&#8221; row_type=&#8221;row&#8221; use_row_as_full_screen_section=&#8221;no&#8221; type=&#8221;full_width&#8221; angled_section=&#8221;no&#8221; text_align=&#8221;left&#8221; background_image_as_pattern=&#8221;without_pattern&#8221;][vc_column][vc_column_text]As some of you may already know, the\u00a0Balc\u00f3n de Europa\u00a0is a gorgeous\u00a0balcony\u00a0from where you can look over the Mediterranean sea. It\u2019s one of the most popular places in Andaluc\u00eda, a spot for the perfect photo of the sea,&#8230;<\/p>\n","protected":false},"author":2,"featured_media":268,"parent":0,"menu_order":0,"comment_status":"closed","ping_status":"closed","template":"","meta":{"_mc_calendar":[],"footnotes":""},"class_list":["post-443","page","type-page","status-publish","has-post-thumbnail","hentry"],"yoast_head":"<!-- This site is optimized with the Yoast SEO plugin v27.4 - https:\/\/yoast.com\/product\/yoast-seo-wordpress\/ -->\n<title>Balcony of Europe (Balc\u00f3n de Europa) Nerja and M\u00e1laga<\/title>\n<meta name=\"description\" content=\"Discover the history of the world-renowned Balcony of Europe (Balc\u00f3n de Europa). is quite charming and all the tourists who visit Nerja will visit this balcony\" \/>\n<meta name=\"robots\" content=\"index, follow, max-snippet:-1, max-image-preview:large, max-video-preview:-1\" \/>\n<link rel=\"canonical\" href=\"https:\/\/www.nerja-turismo.com\/en\/balcony-of-europe\/\" \/>\n<meta property=\"og:locale\" content=\"en_US\" \/>\n<meta property=\"og:type\" content=\"article\" \/>\n<meta property=\"og:title\" content=\"Balcony of Europe (Balc\u00f3n de Europa) Nerja and M\u00e1laga\" \/>\n<meta property=\"og:description\" content=\"Discover the history of the world-renowned Balcony of Europe (Balc\u00f3n de Europa). is quite charming and all the tourists who visit Nerja will visit this balcony\" \/>\n<meta property=\"og:url\" content=\"https:\/\/www.nerja-turismo.com\/en\/balcony-of-europe\/\" \/>\n<meta property=\"og:site_name\" content=\"Nerja Turismo\" \/>\n<meta property=\"article:publisher\" content=\"https:\/\/www.facebook.com\/nerjaturismo\" \/>\n<meta property=\"article:modified_time\" content=\"2018-03-12T12:30:05+00:00\" \/>\n<meta property=\"og:image\" content=\"https:\/\/www.nerja-turismo.com\/wp-content\/uploads\/2018\/03\/balcon-europa-fb1.jpg\" \/>\n\t<meta property=\"og:image:width\" content=\"1200\" \/>\n\t<meta property=\"og:image:height\" content=\"630\" \/>\n\t<meta property=\"og:image:type\" content=\"image\/jpeg\" \/>\n<meta name=\"twitter:card\" content=\"summary_large_image\" \/>\n<meta name=\"twitter:site\" content=\"@turismonerja\" \/>\n<meta name=\"twitter:label1\" content=\"Est. reading time\" \/>\n\t<meta name=\"twitter:data1\" content=\"7 minutes\" \/>\n<script type=\"application\/ld+json\" class=\"yoast-schema-graph\">{\"@context\":\"https:\\\/\\\/schema.org\",\"@graph\":[{\"@type\":\"WebPage\",\"@id\":\"https:\\\/\\\/www.nerja-turismo.com\\\/en\\\/balcony-of-europe\\\/\",\"url\":\"https:\\\/\\\/www.nerja-turismo.com\\\/en\\\/balcony-of-europe\\\/\",\"name\":\"Balcony of Europe (Balc\u00f3n de Europa) Nerja and M\u00e1laga\",\"isPartOf\":{\"@id\":\"https:\\\/\\\/www.nerja-turismo.com\\\/#website\"},\"primaryImageOfPage\":{\"@id\":\"https:\\\/\\\/www.nerja-turismo.com\\\/en\\\/balcony-of-europe\\\/#primaryimage\"},\"image\":{\"@id\":\"https:\\\/\\\/www.nerja-turismo.com\\\/en\\\/balcony-of-europe\\\/#primaryimage\"},\"thumbnailUrl\":\"https:\\\/\\\/www.nerja-turismo.com\\\/wp-content\\\/uploads\\\/2018\\\/03\\\/balcon-europa-fb1.jpg\",\"datePublished\":\"2018-03-03T18:42:19+00:00\",\"dateModified\":\"2018-03-12T12:30:05+00:00\",\"description\":\"Discover the history of the world-renowned Balcony of Europe (Balc\u00f3n de Europa). is quite charming and all the tourists who visit Nerja will visit this balcony\",\"breadcrumb\":{\"@id\":\"https:\\\/\\\/www.nerja-turismo.com\\\/en\\\/balcony-of-europe\\\/#breadcrumb\"},\"inLanguage\":\"en-US\",\"potentialAction\":[{\"@type\":\"ReadAction\",\"target\":[\"https:\\\/\\\/www.nerja-turismo.com\\\/en\\\/balcony-of-europe\\\/\"]}]},{\"@type\":\"ImageObject\",\"inLanguage\":\"en-US\",\"@id\":\"https:\\\/\\\/www.nerja-turismo.com\\\/en\\\/balcony-of-europe\\\/#primaryimage\",\"url\":\"https:\\\/\\\/www.nerja-turismo.com\\\/wp-content\\\/uploads\\\/2018\\\/03\\\/balcon-europa-fb1.jpg\",\"contentUrl\":\"https:\\\/\\\/www.nerja-turismo.com\\\/wp-content\\\/uploads\\\/2018\\\/03\\\/balcon-europa-fb1.jpg\",\"width\":1200,\"height\":630,\"caption\":\"Nerja Turismo - Balc\u00f3n de Europa\"},{\"@type\":\"BreadcrumbList\",\"@id\":\"https:\\\/\\\/www.nerja-turismo.com\\\/en\\\/balcony-of-europe\\\/#breadcrumb\",\"itemListElement\":[{\"@type\":\"ListItem\",\"position\":1,\"name\":\"Portada\",\"item\":\"https:\\\/\\\/www.nerja-turismo.com\\\/en\\\/\"},{\"@type\":\"ListItem\",\"position\":2,\"name\":\"The Balcony of Europe (Balc\u00f3n de Europa)\"}]},{\"@type\":\"WebSite\",\"@id\":\"https:\\\/\\\/www.nerja-turismo.com\\\/#website\",\"url\":\"https:\\\/\\\/www.nerja-turismo.com\\\/\",\"name\":\"Nerja Turismo\",\"description\":\"El paraiso de la Axarkia\",\"publisher\":{\"@id\":\"https:\\\/\\\/www.nerja-turismo.com\\\/#organization\"},\"potentialAction\":[{\"@type\":\"SearchAction\",\"target\":{\"@type\":\"EntryPoint\",\"urlTemplate\":\"https:\\\/\\\/www.nerja-turismo.com\\\/?s={search_term_string}\"},\"query-input\":{\"@type\":\"PropertyValueSpecification\",\"valueRequired\":true,\"valueName\":\"search_term_string\"}}],\"inLanguage\":\"en-US\"},{\"@type\":\"Organization\",\"@id\":\"https:\\\/\\\/www.nerja-turismo.com\\\/#organization\",\"name\":\"Nerja-Turismo\",\"url\":\"https:\\\/\\\/www.nerja-turismo.com\\\/\",\"logo\":{\"@type\":\"ImageObject\",\"inLanguage\":\"en-US\",\"@id\":\"https:\\\/\\\/www.nerja-turismo.com\\\/#\\\/schema\\\/logo\\\/image\\\/\",\"url\":\"https:\\\/\\\/www.nerja-turismo.com\\\/wp-content\\\/uploads\\\/2018\\\/03\\\/logo-cuadrado.jpg\",\"contentUrl\":\"https:\\\/\\\/www.nerja-turismo.com\\\/wp-content\\\/uploads\\\/2018\\\/03\\\/logo-cuadrado.jpg\",\"width\":1701,\"height\":1701,\"caption\":\"Nerja-Turismo\"},\"image\":{\"@id\":\"https:\\\/\\\/www.nerja-turismo.com\\\/#\\\/schema\\\/logo\\\/image\\\/\"},\"sameAs\":[\"https:\\\/\\\/www.facebook.com\\\/nerjaturismo\",\"https:\\\/\\\/x.com\\\/turismonerja\",\"https:\\\/\\\/www.instagram.com\\\/nerjaturismo\\\/\",\"https:\\\/\\\/www.youtube.com\\\/channel\\\/UCPPlJnUeC3T7-aRpjufrxLQ\"]}]}<\/script>\n<!-- \/ Yoast SEO plugin. -->","yoast_head_json":{"title":"Balcony of Europe (Balc\u00f3n de Europa) Nerja and M\u00e1laga","description":"Discover the history of the world-renowned Balcony of Europe (Balc\u00f3n de Europa). is quite charming and all the tourists who visit Nerja will visit this balcony","robots":{"index":"index","follow":"follow","max-snippet":"max-snippet:-1","max-image-preview":"max-image-preview:large","max-video-preview":"max-video-preview:-1"},"canonical":"https:\/\/www.nerja-turismo.com\/en\/balcony-of-europe\/","og_locale":"en_US","og_type":"article","og_title":"Balcony of Europe (Balc\u00f3n de Europa) Nerja and M\u00e1laga","og_description":"Discover the history of the world-renowned Balcony of Europe (Balc\u00f3n de Europa). is quite charming and all the tourists who visit Nerja will visit this balcony","og_url":"https:\/\/www.nerja-turismo.com\/en\/balcony-of-europe\/","og_site_name":"Nerja Turismo","article_publisher":"https:\/\/www.facebook.com\/nerjaturismo","article_modified_time":"2018-03-12T12:30:05+00:00","og_image":[{"width":1200,"height":630,"url":"https:\/\/www.nerja-turismo.com\/wp-content\/uploads\/2018\/03\/balcon-europa-fb1.jpg","type":"image\/jpeg"}],"twitter_card":"summary_large_image","twitter_site":"@turismonerja","twitter_misc":{"Est. reading time":"7 minutes"},"schema":{"@context":"https:\/\/schema.org","@graph":[{"@type":"WebPage","@id":"https:\/\/www.nerja-turismo.com\/en\/balcony-of-europe\/","url":"https:\/\/www.nerja-turismo.com\/en\/balcony-of-europe\/","name":"Balcony of Europe (Balc\u00f3n de Europa) Nerja and M\u00e1laga","isPartOf":{"@id":"https:\/\/www.nerja-turismo.com\/#website"},"primaryImageOfPage":{"@id":"https:\/\/www.nerja-turismo.com\/en\/balcony-of-europe\/#primaryimage"},"image":{"@id":"https:\/\/www.nerja-turismo.com\/en\/balcony-of-europe\/#primaryimage"},"thumbnailUrl":"https:\/\/www.nerja-turismo.com\/wp-content\/uploads\/2018\/03\/balcon-europa-fb1.jpg","datePublished":"2018-03-03T18:42:19+00:00","dateModified":"2018-03-12T12:30:05+00:00","description":"Discover the history of the world-renowned Balcony of Europe (Balc\u00f3n de Europa). is quite charming and all the tourists who visit Nerja will visit this balcony","breadcrumb":{"@id":"https:\/\/www.nerja-turismo.com\/en\/balcony-of-europe\/#breadcrumb"},"inLanguage":"en-US","potentialAction":[{"@type":"ReadAction","target":["https:\/\/www.nerja-turismo.com\/en\/balcony-of-europe\/"]}]},{"@type":"ImageObject","inLanguage":"en-US","@id":"https:\/\/www.nerja-turismo.com\/en\/balcony-of-europe\/#primaryimage","url":"https:\/\/www.nerja-turismo.com\/wp-content\/uploads\/2018\/03\/balcon-europa-fb1.jpg","contentUrl":"https:\/\/www.nerja-turismo.com\/wp-content\/uploads\/2018\/03\/balcon-europa-fb1.jpg","width":1200,"height":630,"caption":"Nerja Turismo - Balc\u00f3n de Europa"},{"@type":"BreadcrumbList","@id":"https:\/\/www.nerja-turismo.com\/en\/balcony-of-europe\/#breadcrumb","itemListElement":[{"@type":"ListItem","position":1,"name":"Portada","item":"https:\/\/www.nerja-turismo.com\/en\/"},{"@type":"ListItem","position":2,"name":"The Balcony of Europe (Balc\u00f3n de Europa)"}]},{"@type":"WebSite","@id":"https:\/\/www.nerja-turismo.com\/#website","url":"https:\/\/www.nerja-turismo.com\/","name":"Nerja Turismo","description":"El paraiso de la Axarkia","publisher":{"@id":"https:\/\/www.nerja-turismo.com\/#organization"},"potentialAction":[{"@type":"SearchAction","target":{"@type":"EntryPoint","urlTemplate":"https:\/\/www.nerja-turismo.com\/?s={search_term_string}"},"query-input":{"@type":"PropertyValueSpecification","valueRequired":true,"valueName":"search_term_string"}}],"inLanguage":"en-US"},{"@type":"Organization","@id":"https:\/\/www.nerja-turismo.com\/#organization","name":"Nerja-Turismo","url":"https:\/\/www.nerja-turismo.com\/","logo":{"@type":"ImageObject","inLanguage":"en-US","@id":"https:\/\/www.nerja-turismo.com\/#\/schema\/logo\/image\/","url":"https:\/\/www.nerja-turismo.com\/wp-content\/uploads\/2018\/03\/logo-cuadrado.jpg","contentUrl":"https:\/\/www.nerja-turismo.com\/wp-content\/uploads\/2018\/03\/logo-cuadrado.jpg","width":1701,"height":1701,"caption":"Nerja-Turismo"},"image":{"@id":"https:\/\/www.nerja-turismo.com\/#\/schema\/logo\/image\/"},"sameAs":["https:\/\/www.facebook.com\/nerjaturismo","https:\/\/x.com\/turismonerja","https:\/\/www.instagram.com\/nerjaturismo\/","https:\/\/www.youtube.com\/channel\/UCPPlJnUeC3T7-aRpjufrxLQ"]}]}},"_links":{"self":[{"href":"https:\/\/www.nerja-turismo.com\/en\/wp-json\/wp\/v2\/pages\/443","targetHints":{"allow":["GET"]}}],"collection":[{"href":"https:\/\/www.nerja-turismo.com\/en\/wp-json\/wp\/v2\/pages"}],"about":[{"href":"https:\/\/www.nerja-turismo.com\/en\/wp-json\/wp\/v2\/types\/page"}],"author":[{"embeddable":true,"href":"https:\/\/www.nerja-turismo.com\/en\/wp-json\/wp\/v2\/users\/2"}],"replies":[{"embeddable":true,"href":"https:\/\/www.nerja-turismo.com\/en\/wp-json\/wp\/v2\/comments?post=443"}],"version-history":[{"count":1,"href":"https:\/\/www.nerja-turismo.com\/en\/wp-json\/wp\/v2\/pages\/443\/revisions"}],"predecessor-version":[{"id":751,"href":"https:\/\/www.nerja-turismo.com\/en\/wp-json\/wp\/v2\/pages\/443\/revisions\/751"}],"wp:featuredmedia":[{"embeddable":true,"href":"https:\/\/www.nerja-turismo.com\/en\/wp-json\/wp\/v2\/media\/268"}],"wp:attachment":[{"href":"https:\/\/www.nerja-turismo.com\/en\/wp-json\/wp\/v2\/media?parent=443"}],"curies":[{"name":"wp","href":"https:\/\/api.w.org\/{rel}","templated":true}]}}