{"id":1886,"date":"2019-05-06T19:37:45","date_gmt":"2019-05-06T17:37:45","guid":{"rendered":"https:\/\/www.nerja-turismo.com\/kayak-tour-nerja-maro\/"},"modified":"2019-06-30T13:21:38","modified_gmt":"2019-06-30T11:21:38","slug":"excursion-rio-chillar-guiada","status":"publish","type":"page","link":"https:\/\/www.nerja-turismo.com\/en\/excursion-rio-chillar-guiada\/","title":{"rendered":"Excursi\u00f3n el r\u00edo chillar (Nerja)"},"content":{"rendered":"<div class=\"wpb-content-wrapper\"><p>[vc_row css_animation=&#8221;&#8221; row_type=&#8221;row&#8221; use_row_as_full_screen_section=&#8221;no&#8221; type=&#8221;full_width&#8221; angled_section=&#8221;no&#8221; text_align=&#8221;left&#8221; background_image_as_pattern=&#8221;without_pattern&#8221;][vc_column][vc_column_text]\u00bfHas visitado alguna vez el parque natural de Sierra Tejeda, Almijara y Alhama? Pues con la excursi\u00f3n por el r\u00edo chillar conocer\u00e1s este precioso lugar en el que se encuentra uno de los r\u00edos m\u00e1s visitados de la provincia. \u00bfTe lo vas a perder?<\/p>\n<p>Un r\u00edo rodeado de \u00e1rboles frondosos, preciosas vistas y sus incre\u00edbles cahorros (paredes de m\u00e1rmol que tienen la anchura del r\u00edo) que generan una gran impresi\u00f3n al pasar entre ellas.<\/p>\n<p>Por tan solo <strong>8\u20ac por persona\u00a0<\/strong> ser\u00e1s guiado por un recorrido de ida\/vuelta por el cauce del rio chillar. Desde la f\u00e1brica de la luz hasta los cahorros en una <strong>duraci\u00f3n<\/strong> de aproximadamente <strong>4 horas\u00a0<\/strong><\/p>\n<p>Lo mejor de la ruta es que conocer\u00e1s todas las an\u00e9cdotas de la zona explicadas por gu\u00edas locales y de amplia experiencia.\u00a0<a href=\"https:\/\/www.nerja-turismo.com\/reservar-excursion-rio-chillar\/\"><strong>No me lo quiero perder, quiero reservar.<\/strong><\/a>[\/vc_column_text][vc_empty_space height=&#8221;40px&#8221;][vc_column_text]<\/p>\n<blockquote>\n<h4 style=\"text-align: center;\">\u00a1Ll\u00e9vate la experiencia grabada totalmente gratis!<\/h4>\n<\/blockquote>\n<p>[\/vc_column_text][vc_empty_space height=&#8221;40px&#8221;]<a id=\"chillar1\" itemprop=\"url\" href=\"https:\/\/www.nerja-turismo.com\/reservar-excursion-rio-chillar\/\" target=\"_self\" data-hover-background-color=\"#19414a\" data-hover-border-color=\"#19414a\" data-hover-color=\"#ffffff\" class=\"qbutton  large default\" style=\"color: #ffffff; border-color: #dd3333; border-radius: 5px;-moz-border-radius: 5px;-webkit-border-radius: 5px; background-color:#dd3333;\">Reserva tu plaza<\/a>[vc_empty_space height=&#8221;40px&#8221;][vc_column_text]<\/p>\n<h2>Informaci\u00f3n sobre la excursi\u00f3n r\u00edo chillar en Nerja<\/h2>\n<p>&nbsp;<\/p>\n<ul>\n<li><strong>Duraci\u00f3n:<\/strong> Cuatro horas aprox.(dependiendo del grupo y el tiempo en paradas)<\/li>\n<li><strong>Horario:<\/strong> La ruta sale cada d\u00eda siempre que se llegue al m\u00ednimo de 10 personas.<\/li>\n<li><strong>Dificultad:<\/strong> La excursi\u00f3n es apta para casi todos los p\u00fablicos. Recomendada para grupos de colegios, asociaciones, etc<\/li>\n<li><strong>Requisitos:<\/strong> Tener capacidades para realizar todo el recorrido del r\u00edo caminando.<\/li>\n<li><strong>Equipo necesario:<\/strong> \u00a0<strong>Calzado deportivo<\/strong> (trekking\/tenis) <strong>que se pueda mojar<\/strong>. El 60% de la ruta se hace caminando dentro del cauce del rio. Otro calzado para cuando termine la excursi\u00f3n. <strong>Agua<\/strong>, <strong>fruta<\/strong>, y <strong>bocadillo<\/strong> para comer.<\/li>\n<li><strong>Equipo recomendado:<\/strong> Camara de fotos, o movil para realizar fotos<\/li>\n<\/ul>\n<p>[\/vc_column_text][vc_empty_space height=&#8221;40px&#8221;][vc_row_inner row_type=&#8221;row&#8221; type=&#8221;full_width&#8221; text_align=&#8221;left&#8221; css_animation=&#8221;&#8221;][vc_column_inner width=&#8221;1\/2&#8243;][vc_single_image image=&#8221;1894&#8243; img_size=&#8221;full&#8221; alignment=&#8221;center&#8221; qode_css_animation=&#8221;&#8221;][\/vc_column_inner][vc_column_inner width=&#8221;1\/2&#8243;][vc_single_image image=&#8221;1892&#8243; img_size=&#8221;full&#8221; alignment=&#8221;center&#8221; qode_css_animation=&#8221;&#8221;][\/vc_column_inner][\/vc_row_inner][vc_empty_space height=&#8221;40px&#8221;][vc_column_text]<\/p>\n<div class=\"cuadro-atencion\">El precio de esta actividad es de 8 euros por persona.\u00a0 <strong><a id=\"inline2\" href=\"https:\/\/www.nerja-turismo.com\/reservar-excursion-rio-chillar\/\">&#8211; Quiero reservar &#8211;<\/a><\/strong><\/div>\n<p>[\/vc_column_text][vc_empty_space height=&#8221;40px&#8221;][vc_column_text]<\/p>\n<h2>\u00bfQu\u00e9 incluye la excursi\u00f3n?<\/h2>\n<p>&nbsp;<\/p>\n<ul>\n<li>Seguro de Responsabilidad Civil y Accidentes para cada participante.<\/li>\n<li>Monitores-gu\u00edas para senderismo e interpretaci\u00f3n ruta Rio Chillar.<\/li>\n<li>Reportaje GRATIS de fotos y video con c\u00e1mara GOPRO que podr\u00e1s llevarte en tu movil, tarjeta de memoria, usb o similares<\/li>\n<\/ul>\n<p>[\/vc_column_text][vc_empty_space height=&#8221;40px&#8221;][vc_single_image image=&#8221;509&#8243; img_size=&#8221;full&#8221; alignment=&#8221;center&#8221; qode_css_animation=&#8221;&#8221;][vc_empty_space height=&#8221;40px&#8221;]<a id=\"chillar1\" itemprop=\"url\" href=\"https:\/\/www.nerja-turismo.com\/reservar-excursion-rio-chillar\/\" target=\"_self\" data-hover-background-color=\"#19414a\" data-hover-border-color=\"#19414a\" data-hover-color=\"#ffffff\" class=\"qbutton  large default\" style=\"color: #ffffff; border-color: #dd3333; border-radius: 5px;-moz-border-radius: 5px;-webkit-border-radius: 5px; background-color:#dd3333;\">Reserva tu plaza<\/a>[vc_empty_space height=&#8221;40px&#8221;][vc_column_text]<\/p>\n<h2>Anulaciones en la excursi\u00f3n r\u00edo chillar en Nerja<\/h2>\n<ul>\n<li>La actividad puede ser cancelada si las previsiones climatol\u00f3gicas no son favorables, en este caso, Educare Aventura devuelve el 100% del importe cobrado o acuerda un cambio de fecha para poder hacer la actividad en otro momento.<\/li>\n<li>Si el cliente no se presenta a la actividad, no habr\u00e1 devoluci\u00f3n del importe que haya ingresado.<\/li>\n<li>Si el cliente anula con una anterioridad a 24 horas se le devolver\u00e1 el 100% del importe de reserva mediante transferencia bancaria. Si la anulaci\u00f3n es horas antes de la actividad perder\u00e1 la reserva o se le cambia la fecha para poder hacer la actividad en otro momento.<\/li>\n<\/ul>\n<p>[\/vc_column_text][vc_empty_space height=&#8221;40px&#8221;][vc_row_inner row_type=&#8221;row&#8221; type=&#8221;full_width&#8221; text_align=&#8221;left&#8221; css_animation=&#8221;&#8221;][vc_column_inner width=&#8221;3\/4&#8243;][vc_column_text]<\/p>\n<h2>\u00bfTienes m\u00e1s dudas? Estamos por whatsapp<\/h2>\n<p>[\/vc_column_text][\/vc_column_inner][vc_column_inner width=&#8221;1\/4&#8243;]<a  itemprop=\"url\" href=\"https:\/\/api.whatsapp.com\/send?phone=34616873023&#038;text=Quiero%20reservar%20la%20excursi%C3%B3n%20del%20rio%20chillar%20en%20Nerja\" target=\"_blank\" data-hover-background-color=\"#19414a\" data-hover-border-color=\"#19414a\" data-hover-color=\"#ffffff\" class=\"qbutton  large default\" style=\"color: #ffffff; border-color: #dd3333; border-radius: 5px;-moz-border-radius: 5px;-webkit-border-radius: 5px; background-color:#dd3333;\">616 873 023<\/a>[\/vc_column_inner][\/vc_row_inner][vc_empty_space height=&#8221;40px&#8221;][\/vc_column][\/vc_row]<\/p>\n\n\n<div class=\"kk-star-ratings kksr-auto kksr-align-left kksr-valign-bottom\"\n    data-payload='{&quot;align&quot;:&quot;left&quot;,&quot;id&quot;:&quot;1886&quot;,&quot;slug&quot;:&quot;default&quot;,&quot;valign&quot;:&quot;bottom&quot;,&quot;ignore&quot;:&quot;&quot;,&quot;reference&quot;:&quot;auto&quot;,&quot;class&quot;:&quot;&quot;,&quot;count&quot;:&quot;10&quot;,&quot;legendonly&quot;:&quot;&quot;,&quot;readonly&quot;:&quot;&quot;,&quot;score&quot;:&quot;5&quot;,&quot;starsonly&quot;:&quot;&quot;,&quot;best&quot;:&quot;5&quot;,&quot;gap&quot;:&quot;5&quot;,&quot;greet&quot;:&quot;Rate this page&quot;,&quot;legend&quot;:&quot;5\\\/5 - (10 votes)&quot;,&quot;size&quot;:&quot;24&quot;,&quot;title&quot;:&quot;Excursi\u00f3n el r\u00edo chillar (Nerja)&quot;,&quot;width&quot;:&quot;142.5&quot;,&quot;_legend&quot;:&quot;{score}\\\/{best} - ({count} {votes})&quot;,&quot;font_factor&quot;:&quot;1.25&quot;}'>\n            \n<div class=\"kksr-stars\">\n    \n<div class=\"kksr-stars-inactive\">\n            <div class=\"kksr-star\" data-star=\"1\" style=\"padding-right: 5px\">\n            \n\n<div class=\"kksr-icon\" style=\"width: 24px; height: 24px;\"><\/div>\n        <\/div>\n            <div class=\"kksr-star\" data-star=\"2\" style=\"padding-right: 5px\">\n            \n\n<div class=\"kksr-icon\" style=\"width: 24px; height: 24px;\"><\/div>\n        <\/div>\n            <div class=\"kksr-star\" data-star=\"3\" style=\"padding-right: 5px\">\n            \n\n<div class=\"kksr-icon\" style=\"width: 24px; height: 24px;\"><\/div>\n        <\/div>\n            <div class=\"kksr-star\" data-star=\"4\" style=\"padding-right: 5px\">\n            \n\n<div class=\"kksr-icon\" style=\"width: 24px; height: 24px;\"><\/div>\n        <\/div>\n            <div class=\"kksr-star\" data-star=\"5\" style=\"padding-right: 5px\">\n            \n\n<div class=\"kksr-icon\" style=\"width: 24px; height: 24px;\"><\/div>\n        <\/div>\n    <\/div>\n    \n<div class=\"kksr-stars-active\" style=\"width: 142.5px;\">\n            <div class=\"kksr-star\" style=\"padding-right: 5px\">\n            \n\n<div class=\"kksr-icon\" style=\"width: 24px; height: 24px;\"><\/div>\n        <\/div>\n            <div class=\"kksr-star\" style=\"padding-right: 5px\">\n            \n\n<div class=\"kksr-icon\" style=\"width: 24px; height: 24px;\"><\/div>\n        <\/div>\n            <div class=\"kksr-star\" style=\"padding-right: 5px\">\n            \n\n<div class=\"kksr-icon\" style=\"width: 24px; height: 24px;\"><\/div>\n        <\/div>\n            <div class=\"kksr-star\" style=\"padding-right: 5px\">\n            \n\n<div class=\"kksr-icon\" style=\"width: 24px; height: 24px;\"><\/div>\n        <\/div>\n            <div class=\"kksr-star\" style=\"padding-right: 5px\">\n            \n\n<div class=\"kksr-icon\" style=\"width: 24px; height: 24px;\"><\/div>\n        <\/div>\n    <\/div>\n<\/div>\n                \n\n<div class=\"kksr-legend\" style=\"font-size: 19.2px;\">\n            5\/5 - (10 votes)    <\/div>\n    <\/div>\n<\/div>","protected":false},"excerpt":{"rendered":"<p>[vc_row css_animation=&#8221;&#8221; row_type=&#8221;row&#8221; use_row_as_full_screen_section=&#8221;no&#8221; type=&#8221;full_width&#8221; angled_section=&#8221;no&#8221; text_align=&#8221;left&#8221; background_image_as_pattern=&#8221;without_pattern&#8221;][vc_column][vc_column_text]\u00bfHas visitado alguna vez el parque natural de Sierra Tejeda, Almijara y Alhama? Pues con la excursi\u00f3n por el r\u00edo chillar conocer\u00e1s este precioso lugar en el que se encuentra uno de los r\u00edos m\u00e1s visitados de la&#8230;<\/p>\n","protected":false},"author":2,"featured_media":1921,"parent":0,"menu_order":0,"comment_status":"open","ping_status":"closed","template":"","meta":{"_mc_calendar":[],"footnotes":""},"class_list":["post-1886","page","type-page","status-publish","has-post-thumbnail","hentry"],"yoast_head":"<!-- This site is optimized with the Yoast SEO plugin v27.5 - https:\/\/yoast.com\/product\/yoast-seo-wordpress\/ -->\n<title>Excursion por el r\u00edo chillar en Nerja. Parque Natural de Sierra Tejeda<\/title>\n<meta name=\"description\" content=\"Disfruta de una excursi\u00f3n guiada por el r\u00edo chillar en Nerja, donde visitar\u00e1s el Parque Natural de Sierra Tejeda, Almijara y Alhama\" \/>\n<meta name=\"robots\" content=\"index, follow, max-snippet:-1, max-image-preview:large, max-video-preview:-1\" \/>\n<link rel=\"canonical\" href=\"https:\/\/www.nerja-turismo.com\/en\/excursion-rio-chillar-guiada\/\" \/>\n<meta property=\"og:locale\" content=\"en_US\" \/>\n<meta property=\"og:type\" content=\"article\" \/>\n<meta property=\"og:title\" content=\"Descubre el r\u00edo chillar de la mano de un gu\u00eda experimentado\" \/>\n<meta property=\"og:description\" content=\"Conoce el rio chillar de excursi\u00f3n. Uno de los r\u00edos m\u00e1s visitados de la provincia de m\u00e1laga. Situado en el Parque Natural de Sierra Tejeda, Almijara y Alhama\" \/>\n<meta property=\"og:url\" content=\"https:\/\/www.nerja-turismo.com\/en\/excursion-rio-chillar-guiada\/\" \/>\n<meta property=\"og:site_name\" content=\"Nerja Turismo\" \/>\n<meta property=\"article:publisher\" content=\"https:\/\/www.facebook.com\/nerjaturismo\" \/>\n<meta property=\"article:modified_time\" content=\"2019-06-30T11:21:38+00:00\" \/>\n<meta property=\"og:image\" content=\"https:\/\/www.nerja-turismo.com\/wp-content\/uploads\/2019\/06\/excursion-rio-chillar-facebook.jpg\" \/>\n\t<meta property=\"og:image:width\" content=\"1200\" \/>\n\t<meta property=\"og:image:height\" content=\"630\" \/>\n\t<meta property=\"og:image:type\" content=\"image\/jpeg\" \/>\n<meta name=\"twitter:card\" content=\"summary_large_image\" \/>\n<meta name=\"twitter:title\" content=\"Descubre el r\u00edo chillar de la mano de un gu\u00eda experimentado\" \/>\n<meta name=\"twitter:description\" content=\"Conoce el rio chillar de excursi\u00f3n. Uno de los r\u00edos m\u00e1s visitados de la provincia de m\u00e1laga. Situado en el Parque Natural de Sierra Tejeda, Almijara y Alhama\" \/>\n<meta name=\"twitter:image\" content=\"https:\/\/www.nerja-turismo.com\/wp-content\/uploads\/2019\/06\/excursion-rio-chillar-twitter.jpg\" \/>\n<meta name=\"twitter:site\" content=\"@turismonerja\" \/>\n<meta name=\"twitter:label1\" content=\"Est. reading time\" \/>\n\t<meta name=\"twitter:data1\" content=\"4 minutes\" \/>\n<script type=\"application\/ld+json\" class=\"yoast-schema-graph\">{\"@context\":\"https:\\\/\\\/schema.org\",\"@graph\":[{\"@type\":\"WebPage\",\"@id\":\"https:\\\/\\\/www.nerja-turismo.com\\\/en\\\/excursion-rio-chillar-guiada\\\/\",\"url\":\"https:\\\/\\\/www.nerja-turismo.com\\\/en\\\/excursion-rio-chillar-guiada\\\/\",\"name\":\"Excursion por el r\u00edo chillar en Nerja. Parque Natural de Sierra Tejeda\",\"isPartOf\":{\"@id\":\"https:\\\/\\\/www.nerja-turismo.com\\\/#website\"},\"primaryImageOfPage\":{\"@id\":\"https:\\\/\\\/www.nerja-turismo.com\\\/en\\\/excursion-rio-chillar-guiada\\\/#primaryimage\"},\"image\":{\"@id\":\"https:\\\/\\\/www.nerja-turismo.com\\\/en\\\/excursion-rio-chillar-guiada\\\/#primaryimage\"},\"thumbnailUrl\":\"https:\\\/\\\/www.nerja-turismo.com\\\/wp-content\\\/uploads\\\/2019\\\/06\\\/excursion-rio-chillar-principal.jpg\",\"datePublished\":\"2019-05-06T17:37:45+00:00\",\"dateModified\":\"2019-06-30T11:21:38+00:00\",\"description\":\"Disfruta de una excursi\u00f3n guiada por el r\u00edo chillar en Nerja, donde visitar\u00e1s el Parque Natural de Sierra Tejeda, Almijara y Alhama\",\"breadcrumb\":{\"@id\":\"https:\\\/\\\/www.nerja-turismo.com\\\/en\\\/excursion-rio-chillar-guiada\\\/#breadcrumb\"},\"inLanguage\":\"en-US\",\"potentialAction\":[{\"@type\":\"ReadAction\",\"target\":[\"https:\\\/\\\/www.nerja-turismo.com\\\/en\\\/excursion-rio-chillar-guiada\\\/\"]}]},{\"@type\":\"ImageObject\",\"inLanguage\":\"en-US\",\"@id\":\"https:\\\/\\\/www.nerja-turismo.com\\\/en\\\/excursion-rio-chillar-guiada\\\/#primaryimage\",\"url\":\"https:\\\/\\\/www.nerja-turismo.com\\\/wp-content\\\/uploads\\\/2019\\\/06\\\/excursion-rio-chillar-principal.jpg\",\"contentUrl\":\"https:\\\/\\\/www.nerja-turismo.com\\\/wp-content\\\/uploads\\\/2019\\\/06\\\/excursion-rio-chillar-principal.jpg\",\"width\":600,\"height\":315,\"caption\":\"excursion-rio-chillar-principal\"},{\"@type\":\"BreadcrumbList\",\"@id\":\"https:\\\/\\\/www.nerja-turismo.com\\\/en\\\/excursion-rio-chillar-guiada\\\/#breadcrumb\",\"itemListElement\":[{\"@type\":\"ListItem\",\"position\":1,\"name\":\"Portada\",\"item\":\"https:\\\/\\\/www.nerja-turismo.com\\\/en\\\/\"},{\"@type\":\"ListItem\",\"position\":2,\"name\":\"Excursi\u00f3n el r\u00edo chillar (Nerja)\"}]},{\"@type\":\"WebSite\",\"@id\":\"https:\\\/\\\/www.nerja-turismo.com\\\/#website\",\"url\":\"https:\\\/\\\/www.nerja-turismo.com\\\/\",\"name\":\"Nerja Turismo\",\"description\":\"El paraiso de la Axarkia\",\"publisher\":{\"@id\":\"https:\\\/\\\/www.nerja-turismo.com\\\/#organization\"},\"potentialAction\":[{\"@type\":\"SearchAction\",\"target\":{\"@type\":\"EntryPoint\",\"urlTemplate\":\"https:\\\/\\\/www.nerja-turismo.com\\\/?s={search_term_string}\"},\"query-input\":{\"@type\":\"PropertyValueSpecification\",\"valueRequired\":true,\"valueName\":\"search_term_string\"}}],\"inLanguage\":\"en-US\"},{\"@type\":\"Organization\",\"@id\":\"https:\\\/\\\/www.nerja-turismo.com\\\/#organization\",\"name\":\"Nerja-Turismo\",\"url\":\"https:\\\/\\\/www.nerja-turismo.com\\\/\",\"logo\":{\"@type\":\"ImageObject\",\"inLanguage\":\"en-US\",\"@id\":\"https:\\\/\\\/www.nerja-turismo.com\\\/#\\\/schema\\\/logo\\\/image\\\/\",\"url\":\"https:\\\/\\\/www.nerja-turismo.com\\\/wp-content\\\/uploads\\\/2018\\\/03\\\/logo-cuadrado.jpg\",\"contentUrl\":\"https:\\\/\\\/www.nerja-turismo.com\\\/wp-content\\\/uploads\\\/2018\\\/03\\\/logo-cuadrado.jpg\",\"width\":1701,\"height\":1701,\"caption\":\"Nerja-Turismo\"},\"image\":{\"@id\":\"https:\\\/\\\/www.nerja-turismo.com\\\/#\\\/schema\\\/logo\\\/image\\\/\"},\"sameAs\":[\"https:\\\/\\\/www.facebook.com\\\/nerjaturismo\",\"https:\\\/\\\/x.com\\\/turismonerja\",\"https:\\\/\\\/www.instagram.com\\\/nerjaturismo\\\/\",\"https:\\\/\\\/www.youtube.com\\\/channel\\\/UCPPlJnUeC3T7-aRpjufrxLQ\"]}]}<\/script>\n<!-- \/ Yoast SEO plugin. -->","yoast_head_json":{"title":"Excursion por el r\u00edo chillar en Nerja. Parque Natural de Sierra Tejeda","description":"Disfruta de una excursi\u00f3n guiada por el r\u00edo chillar en Nerja, donde visitar\u00e1s el Parque Natural de Sierra Tejeda, Almijara y Alhama","robots":{"index":"index","follow":"follow","max-snippet":"max-snippet:-1","max-image-preview":"max-image-preview:large","max-video-preview":"max-video-preview:-1"},"canonical":"https:\/\/www.nerja-turismo.com\/en\/excursion-rio-chillar-guiada\/","og_locale":"en_US","og_type":"article","og_title":"Descubre el r\u00edo chillar de la mano de un gu\u00eda experimentado","og_description":"Conoce el rio chillar de excursi\u00f3n. Uno de los r\u00edos m\u00e1s visitados de la provincia de m\u00e1laga. Situado en el Parque Natural de Sierra Tejeda, Almijara y Alhama","og_url":"https:\/\/www.nerja-turismo.com\/en\/excursion-rio-chillar-guiada\/","og_site_name":"Nerja Turismo","article_publisher":"https:\/\/www.facebook.com\/nerjaturismo","article_modified_time":"2019-06-30T11:21:38+00:00","og_image":[{"width":1200,"height":630,"url":"https:\/\/www.nerja-turismo.com\/wp-content\/uploads\/2019\/06\/excursion-rio-chillar-facebook.jpg","type":"image\/jpeg"}],"twitter_card":"summary_large_image","twitter_title":"Descubre el r\u00edo chillar de la mano de un gu\u00eda experimentado","twitter_description":"Conoce el rio chillar de excursi\u00f3n. Uno de los r\u00edos m\u00e1s visitados de la provincia de m\u00e1laga. Situado en el Parque Natural de Sierra Tejeda, Almijara y Alhama","twitter_image":"https:\/\/www.nerja-turismo.com\/wp-content\/uploads\/2019\/06\/excursion-rio-chillar-twitter.jpg","twitter_site":"@turismonerja","twitter_misc":{"Est. reading time":"4 minutes"},"schema":{"@context":"https:\/\/schema.org","@graph":[{"@type":"WebPage","@id":"https:\/\/www.nerja-turismo.com\/en\/excursion-rio-chillar-guiada\/","url":"https:\/\/www.nerja-turismo.com\/en\/excursion-rio-chillar-guiada\/","name":"Excursion por el r\u00edo chillar en Nerja. Parque Natural de Sierra Tejeda","isPartOf":{"@id":"https:\/\/www.nerja-turismo.com\/#website"},"primaryImageOfPage":{"@id":"https:\/\/www.nerja-turismo.com\/en\/excursion-rio-chillar-guiada\/#primaryimage"},"image":{"@id":"https:\/\/www.nerja-turismo.com\/en\/excursion-rio-chillar-guiada\/#primaryimage"},"thumbnailUrl":"https:\/\/www.nerja-turismo.com\/wp-content\/uploads\/2019\/06\/excursion-rio-chillar-principal.jpg","datePublished":"2019-05-06T17:37:45+00:00","dateModified":"2019-06-30T11:21:38+00:00","description":"Disfruta de una excursi\u00f3n guiada por el r\u00edo chillar en Nerja, donde visitar\u00e1s el Parque Natural de Sierra Tejeda, Almijara y Alhama","breadcrumb":{"@id":"https:\/\/www.nerja-turismo.com\/en\/excursion-rio-chillar-guiada\/#breadcrumb"},"inLanguage":"en-US","potentialAction":[{"@type":"ReadAction","target":["https:\/\/www.nerja-turismo.com\/en\/excursion-rio-chillar-guiada\/"]}]},{"@type":"ImageObject","inLanguage":"en-US","@id":"https:\/\/www.nerja-turismo.com\/en\/excursion-rio-chillar-guiada\/#primaryimage","url":"https:\/\/www.nerja-turismo.com\/wp-content\/uploads\/2019\/06\/excursion-rio-chillar-principal.jpg","contentUrl":"https:\/\/www.nerja-turismo.com\/wp-content\/uploads\/2019\/06\/excursion-rio-chillar-principal.jpg","width":600,"height":315,"caption":"excursion-rio-chillar-principal"},{"@type":"BreadcrumbList","@id":"https:\/\/www.nerja-turismo.com\/en\/excursion-rio-chillar-guiada\/#breadcrumb","itemListElement":[{"@type":"ListItem","position":1,"name":"Portada","item":"https:\/\/www.nerja-turismo.com\/en\/"},{"@type":"ListItem","position":2,"name":"Excursi\u00f3n el r\u00edo chillar (Nerja)"}]},{"@type":"WebSite","@id":"https:\/\/www.nerja-turismo.com\/#website","url":"https:\/\/www.nerja-turismo.com\/","name":"Nerja Turismo","description":"El paraiso de la Axarkia","publisher":{"@id":"https:\/\/www.nerja-turismo.com\/#organization"},"potentialAction":[{"@type":"SearchAction","target":{"@type":"EntryPoint","urlTemplate":"https:\/\/www.nerja-turismo.com\/?s={search_term_string}"},"query-input":{"@type":"PropertyValueSpecification","valueRequired":true,"valueName":"search_term_string"}}],"inLanguage":"en-US"},{"@type":"Organization","@id":"https:\/\/www.nerja-turismo.com\/#organization","name":"Nerja-Turismo","url":"https:\/\/www.nerja-turismo.com\/","logo":{"@type":"ImageObject","inLanguage":"en-US","@id":"https:\/\/www.nerja-turismo.com\/#\/schema\/logo\/image\/","url":"https:\/\/www.nerja-turismo.com\/wp-content\/uploads\/2018\/03\/logo-cuadrado.jpg","contentUrl":"https:\/\/www.nerja-turismo.com\/wp-content\/uploads\/2018\/03\/logo-cuadrado.jpg","width":1701,"height":1701,"caption":"Nerja-Turismo"},"image":{"@id":"https:\/\/www.nerja-turismo.com\/#\/schema\/logo\/image\/"},"sameAs":["https:\/\/www.facebook.com\/nerjaturismo","https:\/\/x.com\/turismonerja","https:\/\/www.instagram.com\/nerjaturismo\/","https:\/\/www.youtube.com\/channel\/UCPPlJnUeC3T7-aRpjufrxLQ"]}]}},"_links":{"self":[{"href":"https:\/\/www.nerja-turismo.com\/en\/wp-json\/wp\/v2\/pages\/1886","targetHints":{"allow":["GET"]}}],"collection":[{"href":"https:\/\/www.nerja-turismo.com\/en\/wp-json\/wp\/v2\/pages"}],"about":[{"href":"https:\/\/www.nerja-turismo.com\/en\/wp-json\/wp\/v2\/types\/page"}],"author":[{"embeddable":true,"href":"https:\/\/www.nerja-turismo.com\/en\/wp-json\/wp\/v2\/users\/2"}],"replies":[{"embeddable":true,"href":"https:\/\/www.nerja-turismo.com\/en\/wp-json\/wp\/v2\/comments?post=1886"}],"version-history":[{"count":2,"href":"https:\/\/www.nerja-turismo.com\/en\/wp-json\/wp\/v2\/pages\/1886\/revisions"}],"predecessor-version":[{"id":1934,"href":"https:\/\/www.nerja-turismo.com\/en\/wp-json\/wp\/v2\/pages\/1886\/revisions\/1934"}],"wp:featuredmedia":[{"embeddable":true,"href":"https:\/\/www.nerja-turismo.com\/en\/wp-json\/wp\/v2\/media\/1921"}],"wp:attachment":[{"href":"https:\/\/www.nerja-turismo.com\/en\/wp-json\/wp\/v2\/media?parent=1886"}],"curies":[{"name":"wp","href":"https:\/\/api.w.org\/{rel}","templated":true}]}}